{"id":3945,"date":"2022-03-01T12:20:08","date_gmt":"2022-03-01T12:20:08","guid":{"rendered":"https:\/\/ebridges.org\/?page_id=3945"},"modified":"2022-04-28T08:43:07","modified_gmt":"2022-04-28T08:43:07","slug":"e-learning","status":"publish","type":"page","link":"https:\/\/ebridges.org\/ro\/e-learning\/","title":{"rendered":"E-Learning"},"content":{"rendered":"\t\t<div data-elementor-type=\"wp-page\" data-elementor-id=\"3945\" class=\"elementor elementor-3945\">\n\t\t\t\t\t\t<section class=\"elementor-section elementor-top-section elementor-element elementor-element-200ced8 elementor-section-full_width elementor-section-height-default elementor-section-height-default\" data-id=\"200ced8\" data-element_type=\"section\" data-settings=\"{&quot;background_background&quot;:&quot;classic&quot;}\">\n\t\t\t\t\t\t<div class=\"elementor-container elementor-column-gap-no\">\n\t\t\t\t\t<div class=\"elementor-column elementor-col-100 elementor-top-column elementor-element elementor-element-78e887a\" data-id=\"78e887a\" data-element_type=\"column\">\n\t\t\t<div class=\"elementor-widget-wrap elementor-element-populated\">\n\t\t\t\t\t\t<div class=\"elementor-element elementor-element-9978cf2 elementor-widget elementor-widget-heading\" data-id=\"9978cf2\" data-element_type=\"widget\" data-widget_type=\"heading.default\">\n\t\t\t\t<div class=\"elementor-widget-container\">\n\t\t\t<h1 class=\"elementor-heading-title elementor-size-default\">E - Learning<\/h1>\t\t<\/div>\n\t\t\t\t<\/div>\n\t\t\t\t\t<\/div>\n\t\t<\/div>\n\t\t\t\t\t<\/div>\n\t\t<\/section>\n\t\t\t\t<section class=\"elementor-section elementor-top-section elementor-element elementor-element-8bd9384 elementor-section-boxed elementor-section-height-default elementor-section-height-default\" data-id=\"8bd9384\" data-element_type=\"section\" data-settings=\"{&quot;background_background&quot;:&quot;classic&quot;}\">\n\t\t\t\t\t\t<div class=\"elementor-container elementor-column-gap-default\">\n\t\t\t\t\t<div class=\"elementor-column elementor-col-66 elementor-top-column elementor-element elementor-element-ccee470\" data-id=\"ccee470\" data-element_type=\"column\">\n\t\t\t<div class=\"elementor-widget-wrap elementor-element-populated\">\n\t\t\t\t\t\t<div class=\"elementor-element elementor-element-0b94b8e elementor-widget elementor-widget-heading\" data-id=\"0b94b8e\" data-element_type=\"widget\" data-widget_type=\"heading.default\">\n\t\t\t\t<div class=\"elementor-widget-container\">\n\t\t\t<h5 class=\"elementor-heading-title elementor-size-default\">Trebuie s\u0103 fi\u021bi \u00eenregistrat pentru a fi implicat \u00een procesul de e-learning.<\/h5>\t\t<\/div>\n\t\t\t\t<\/div>\n\t\t\t\t\t<\/div>\n\t\t<\/div>\n\t\t\t\t<div class=\"elementor-column elementor-col-33 elementor-top-column elementor-element elementor-element-7e191c7\" data-id=\"7e191c7\" data-element_type=\"column\">\n\t\t\t<div class=\"elementor-widget-wrap elementor-element-populated\">\n\t\t\t\t\t\t<div class=\"elementor-element elementor-element-94e02e9 elementor-align-center elementor-widget elementor-widget-button\" data-id=\"94e02e9\" data-element_type=\"widget\" data-widget_type=\"button.default\">\n\t\t\t\t<div class=\"elementor-widget-container\">\n\t\t\t\t\t<div class=\"elementor-button-wrapper\">\n\t\t\t<a class=\"elementor-button elementor-button-link elementor-size-sm\" href=\"http:\/\/learning.ebridges.org\/\">\n\t\t\t\t\t\t<span class=\"elementor-button-content-wrapper\">\n\t\t\t\t\t\t\t\t\t<span class=\"elementor-button-text\">Intrare<\/span>\n\t\t\t\t\t<\/span>\n\t\t\t\t\t<\/a>\n\t\t<\/div>\n\t\t\t\t<\/div>\n\t\t\t\t<\/div>\n\t\t\t\t\t<\/div>\n\t\t<\/div>\n\t\t\t\t\t<\/div>\n\t\t<\/section>\n\t\t\t\t<section class=\"elementor-section elementor-top-section elementor-element elementor-element-201b6aa elementor-section-boxed elementor-section-height-default elementor-section-height-default\" data-id=\"201b6aa\" data-element_type=\"section\">\n\t\t\t\t\t\t<div class=\"elementor-container elementor-column-gap-default\">\n\t\t\t\t\t<div class=\"elementor-column elementor-col-100 elementor-top-column elementor-element elementor-element-5ff0e96\" data-id=\"5ff0e96\" data-element_type=\"column\">\n\t\t\t<div class=\"elementor-widget-wrap elementor-element-populated\">\n\t\t\t\t\t\t<div class=\"elementor-element elementor-element-5d88e8a elementor-widget elementor-widget-text-editor\" data-id=\"5d88e8a\" data-element_type=\"widget\" data-widget_type=\"text-editor.default\">\n\t\t\t\t<div class=\"elementor-widget-container\">\n\t\t\t\t\t\t\t<p><span style=\"font-weight: 400;\">Aceast\u0103 platform\u0103 \u00ee\u0219i propune s\u0103 ofere un spa\u021biu deschis pentru formatori pentru a-\u0219i \u00eembun\u0103t\u0103\u021bi cuno\u0219tin\u021bele teoretice despre procesul de \u00eenv\u0103\u021bare privind drepturile persoanelor cu dizabilit\u0103\u021bi. Abordarea metodologic\u0103 propus\u0103 de noi este \u00eenv\u0103\u021barea mixt\u0103, care combin\u0103 materiale educa\u021bionale on-line \u0219i oportunit\u0103\u021bile de interac\u021biune on-line cu metode tradi\u021bionale de \u00eenv\u0103\u021bare formal\u0103 la fa\u021ba locului. Aceast\u0103 platform\u0103 de e-learning poate fi utilizat\u0103 de c\u0103tre formatori\/asisten\u021bi sociali\/lucr\u0103tori <\/span><span style=\"font-weight: 400;\">cu tineretul<\/span><span style=\"font-weight: 400;\"> de tineret\/\u00eengrijitori\/lucr\u0103tori din ONG-uri etc. deoarece multe dintre persoanele care lucreaz\u0103 \u00een domeniul dizabilit\u0103\u021bilor sunt fie persoane cu dizabilit\u0103\u021bi, fie persoane care au membri de familie\/rude cu dizabilit\u0103\u021bi. Datorit\u0103 \u00eengrijirii intense <\/span><span style=\"font-weight: 400;\">\u00een gospod\u0103rie<\/span><span style=\"font-weight: 400;\"> la locui\u021b\u0103 a copiilor lor sau a rudelor cu dizabilit\u0103\u021bi, cei mai mul\u021bi dintre ace\u0219tia nu pot g\u0103si sau ajunge la activit\u0103\u021bi educa\u021bionale. \u00cen cadrul utiliz\u0103rii acestei platforme sunt asigurate condi\u021bii mai accesibile pentru activit\u0103\u021bi educa\u021bionale.<\/span><\/p>\t\t\t\t\t\t<\/div>\n\t\t\t\t<\/div>\n\t\t\t\t\t<\/div>\n\t\t<\/div>\n\t\t\t\t\t<\/div>\n\t\t<\/section>\n\t\t\t\t<section class=\"elementor-section elementor-top-section elementor-element elementor-element-cbcf601 elementor-section-boxed elementor-section-height-default elementor-section-height-default\" data-id=\"cbcf601\" data-element_type=\"section\">\n\t\t\t\t\t\t<div class=\"elementor-container elementor-column-gap-default\">\n\t\t\t\t\t<div class=\"elementor-column elementor-col-100 elementor-top-column elementor-element elementor-element-d5fb886\" data-id=\"d5fb886\" data-element_type=\"column\">\n\t\t\t<div class=\"elementor-widget-wrap elementor-element-populated\">\n\t\t\t\t\t\t<div class=\"elementor-element elementor-element-3ba8c84 elementor-widget elementor-widget-spacer\" data-id=\"3ba8c84\" data-element_type=\"widget\" data-widget_type=\"spacer.default\">\n\t\t\t\t<div class=\"elementor-widget-container\">\n\t\t\t\t\t<div class=\"elementor-spacer\">\n\t\t\t<div class=\"elementor-spacer-inner\"><\/div>\n\t\t<\/div>\n\t\t\t\t<\/div>\n\t\t\t\t<\/div>\n\t\t\t\t\t<\/div>\n\t\t<\/div>\n\t\t\t\t\t<\/div>\n\t\t<\/section>\n\t\t\t\t<section class=\"elementor-section elementor-top-section elementor-element elementor-element-f8d72c4 elementor-section-boxed elementor-section-height-default elementor-section-height-default\" data-id=\"f8d72c4\" data-element_type=\"section\">\n\t\t\t\t\t\t<div class=\"elementor-container elementor-column-gap-default\">\n\t\t\t\t\t<div class=\"elementor-column elementor-col-100 elementor-top-column elementor-element elementor-element-73a6d84\" data-id=\"73a6d84\" data-element_type=\"column\">\n\t\t\t<div class=\"elementor-widget-wrap elementor-element-populated\">\n\t\t\t\t\t\t<div class=\"elementor-element elementor-element-79dc19e elementor-widget elementor-widget-image\" data-id=\"79dc19e\" data-element_type=\"widget\" data-widget_type=\"image.default\">\n\t\t\t\t<div class=\"elementor-widget-container\">\n\t\t\t\t\t\t\t\t\t\t\t\t\t<img fetchpriority=\"high\" decoding=\"async\" width=\"1024\" height=\"82\" src=\"https:\/\/ebridges.org\/wp-content\/uploads\/2021\/08\/footer-1024x82.png\" class=\"attachment-large size-large wp-image-2265\" alt=\"\" srcset=\"https:\/\/ebridges.org\/wp-content\/uploads\/2021\/08\/footer-1024x82.png 1024w, https:\/\/ebridges.org\/wp-content\/uploads\/2021\/08\/footer-300x24.png 300w, https:\/\/ebridges.org\/wp-content\/uploads\/2021\/08\/footer-768x61.png 768w, https:\/\/ebridges.org\/wp-content\/uploads\/2021\/08\/footer-1536x123.png 1536w, https:\/\/ebridges.org\/wp-content\/uploads\/2021\/08\/footer-2048x164.png 2048w\" sizes=\"(max-width: 1024px) 100vw, 1024px\" \/>\t\t\t\t\t\t\t\t\t\t\t\t\t<\/div>\n\t\t\t\t<\/div>\n\t\t\t\t\t<\/div>\n\t\t<\/div>\n\t\t\t\t\t<\/div>\n\t\t<\/section>\n\t\t\t\t<\/div>\n\t\t","protected":false},"excerpt":{"rendered":"<p>E &#8211; Learning Trebuie s\u0103 fi\u021bi \u00eenregistrat pentru a fi implicat \u00een procesul de e-learning. Intrare Aceast\u0103 platform\u0103 \u00ee\u0219i propune s\u0103 ofere un spa\u021biu deschis pentru formatori pentru a-\u0219i \u00eembun\u0103t\u0103\u021bi [&hellip;]<\/p>\n","protected":false},"author":1,"featured_media":0,"parent":0,"menu_order":0,"comment_status":"closed","ping_status":"closed","template":"","meta":{"_monsterinsights_skip_tracking":false,"_monsterinsights_sitenote_active":false,"_monsterinsights_sitenote_note":"","_monsterinsights_sitenote_category":0,"site-sidebar-layout":"no-sidebar","site-content-layout":"page-builder","ast-site-content-layout":"","site-content-style":"default","site-sidebar-style":"default","ast-global-header-display":"","ast-banner-title-visibility":"","ast-main-header-display":"","ast-hfb-above-header-display":"","ast-hfb-below-header-display":"","ast-hfb-mobile-header-display":"","site-post-title":"disabled","ast-breadcrumbs-content":"disabled","ast-featured-img":"disabled","footer-sml-layout":"","theme-transparent-header-meta":"default","adv-header-id-meta":"","stick-header-meta":"","header-above-stick-meta":"","header-main-stick-meta":"","header-below-stick-meta":"","astra-migrate-meta-layouts":"default","ast-page-background-enabled":"default","ast-page-background-meta":{"desktop":{"background-color":"","background-image":"","background-repeat":"repeat","background-position":"center center","background-size":"auto","background-attachment":"scroll","background-type":"","background-media":"","overlay-type":"","overlay-color":"","overlay-gradient":""},"tablet":{"background-color":"","background-image":"","background-repeat":"repeat","background-position":"center center","background-size":"auto","background-attachment":"scroll","background-type":"","background-media":"","overlay-type":"","overlay-color":"","overlay-gradient":""},"mobile":{"background-color":"","background-image":"","background-repeat":"repeat","background-position":"center center","background-size":"auto","background-attachment":"scroll","background-type":"","background-media":"","overlay-type":"","overlay-color":"","overlay-gradient":""}},"ast-content-background-meta":{"desktop":{"background-color":"var(--ast-global-color-5)","background-image":"","background-repeat":"repeat","background-position":"center center","background-size":"auto","background-attachment":"scroll","background-type":"","background-media":"","overlay-type":"","overlay-color":"","overlay-gradient":""},"tablet":{"background-color":"var(--ast-global-color-5)","background-image":"","background-repeat":"repeat","background-position":"center center","background-size":"auto","background-attachment":"scroll","background-type":"","background-media":"","overlay-type":"","overlay-color":"","overlay-gradient":""},"mobile":{"background-color":"var(--ast-global-color-5)","background-image":"","background-repeat":"repeat","background-position":"center center","background-size":"auto","background-attachment":"scroll","background-type":"","background-media":"","overlay-type":"","overlay-color":"","overlay-gradient":""}},"_EventAllDay":false,"_EventTimezone":"","_EventStartDate":"","_EventEndDate":"","_EventStartDateUTC":"","_EventEndDateUTC":"","_EventShowMap":false,"_EventShowMapLink":false,"_EventURL":"","_EventCost":"","_EventCostDescription":"","_EventCurrencySymbol":"","_EventCurrencyCode":"","_EventCurrencyPosition":"","_EventDateTimeSeparator":"","_EventTimeRangeSeparator":"","_EventOrganizerID":[],"_EventVenueID":[],"_OrganizerEmail":"","_OrganizerPhone":"","_OrganizerWebsite":"","_VenueAddress":"","_VenueCity":"","_VenueCountry":"","_VenueProvince":"","_VenueState":"","_VenueZip":"","_VenuePhone":"","_VenueURL":"","_VenueStateProvince":"","_VenueLat":"","_VenueLng":"","_VenueShowMap":false,"_VenueShowMapLink":false,"footnotes":""},"class_list":["post-3945","page","type-page","status-publish","hentry"],"_links":{"self":[{"href":"https:\/\/ebridges.org\/ro\/wp-json\/wp\/v2\/pages\/3945","targetHints":{"allow":["GET"]}}],"collection":[{"href":"https:\/\/ebridges.org\/ro\/wp-json\/wp\/v2\/pages"}],"about":[{"href":"https:\/\/ebridges.org\/ro\/wp-json\/wp\/v2\/types\/page"}],"author":[{"embeddable":true,"href":"https:\/\/ebridges.org\/ro\/wp-json\/wp\/v2\/users\/1"}],"replies":[{"embeddable":true,"href":"https:\/\/ebridges.org\/ro\/wp-json\/wp\/v2\/comments?post=3945"}],"version-history":[{"count":19,"href":"https:\/\/ebridges.org\/ro\/wp-json\/wp\/v2\/pages\/3945\/revisions"}],"predecessor-version":[{"id":4499,"href":"https:\/\/ebridges.org\/ro\/wp-json\/wp\/v2\/pages\/3945\/revisions\/4499"}],"wp:attachment":[{"href":"https:\/\/ebridges.org\/ro\/wp-json\/wp\/v2\/media?parent=3945"}],"curies":[{"name":"wp","href":"https:\/\/api.w.org\/{rel}","templated":true}]}}