{"id":4727,"date":"2023-01-24T11:52:24","date_gmt":"2023-01-24T11:52:24","guid":{"rendered":"https:\/\/ebridges.org\/?page_id=4727"},"modified":"2023-01-24T12:04:47","modified_gmt":"2023-01-24T12:04:47","slug":"elementor-4727","status":"publish","type":"page","link":"https:\/\/ebridges.org\/ro\/elementor-4727\/","title":{"rendered":"MANUAL PENTRU FORMATORI"},"content":{"rendered":"\t\t<div data-elementor-type=\"wp-page\" data-elementor-id=\"4727\" class=\"elementor elementor-4727\">\n\t\t\t\t\t\t<section class=\"elementor-section elementor-top-section elementor-element elementor-element-c1cb530 elementor-section-boxed elementor-section-height-default elementor-section-height-default\" data-id=\"c1cb530\" data-element_type=\"section\">\n\t\t\t\t\t\t<div class=\"elementor-container elementor-column-gap-default\">\n\t\t\t\t\t<div class=\"elementor-column elementor-col-50 elementor-top-column elementor-element elementor-element-4ee66bf\" data-id=\"4ee66bf\" data-element_type=\"column\">\n\t\t\t<div class=\"elementor-widget-wrap elementor-element-populated\">\n\t\t\t\t\t\t<div class=\"elementor-element elementor-element-4bb4ee2 elementor-widget elementor-widget-text-editor\" data-id=\"4bb4ee2\" data-element_type=\"widget\" data-widget_type=\"text-editor.default\">\n\t\t\t\t<div class=\"elementor-widget-container\">\n\t\t\t\t\t\t\t<p>\u00a0<\/p><p>\u00a0<\/p><p>\u00a0<\/p><p>Acest manual a fost elaborat \u00een cadrul domeniului de aplicare al Sprijinirii dialogul cu societatea civil\u0103 \u00eentre schema de granturi UE-TR, cu sprijinul financiar al Uniunii Europene. Con\u021binutul sau este responsabilitatea exclusiva a Engeli olan Bireyler ve Aileleri Geli\u015fin Merkezi Derne\u011fi \u0219i nu reflecta neaparat punctele de vedere ale Uniunii Europene.<\/p>\t\t\t\t\t\t<\/div>\n\t\t\t\t<\/div>\n\t\t\t\t<div class=\"elementor-element elementor-element-57cdf80 elementor-widget elementor-widget-button\" data-id=\"57cdf80\" data-element_type=\"widget\" data-widget_type=\"button.default\">\n\t\t\t\t<div class=\"elementor-widget-container\">\n\t\t\t\t\t<div class=\"elementor-button-wrapper\">\n\t\t\t<a class=\"elementor-button elementor-button-link elementor-size-sm\" href=\"https:\/\/ebridges.org\/wp-content\/uploads\/2023\/01\/MANUAL-PENTRU-FORMATORI_compressed.pdf\">\n\t\t\t\t\t\t<span class=\"elementor-button-content-wrapper\">\n\t\t\t\t\t\t\t\t\t<span class=\"elementor-button-text\">Descarca<\/span>\n\t\t\t\t\t<\/span>\n\t\t\t\t\t<\/a>\n\t\t<\/div>\n\t\t\t\t<\/div>\n\t\t\t\t<\/div>\n\t\t\t\t\t<\/div>\n\t\t<\/div>\n\t\t\t\t<div class=\"elementor-column elementor-col-50 elementor-top-column elementor-element elementor-element-dc0f754\" data-id=\"dc0f754\" data-element_type=\"column\">\n\t\t\t<div class=\"elementor-widget-wrap elementor-element-populated\">\n\t\t\t\t\t\t<div class=\"elementor-element elementor-element-fdb33d4 elementor-widget elementor-widget-image\" data-id=\"fdb33d4\" data-element_type=\"widget\" data-widget_type=\"image.default\">\n\t\t\t\t<div class=\"elementor-widget-container\">\n\t\t\t\t\t\t\t\t\t\t\t\t\t<img fetchpriority=\"high\" decoding=\"async\" width=\"724\" height=\"1024\" src=\"https:\/\/ebridges.org\/wp-content\/uploads\/2023\/01\/Ekran-Resmi-2023-01-24-14.50.37-724x1024.png\" class=\"attachment-large size-large wp-image-4729\" alt=\"\" srcset=\"https:\/\/ebridges.org\/wp-content\/uploads\/2023\/01\/Ekran-Resmi-2023-01-24-14.50.37-724x1024.png 724w, https:\/\/ebridges.org\/wp-content\/uploads\/2023\/01\/Ekran-Resmi-2023-01-24-14.50.37-212x300.png 212w, https:\/\/ebridges.org\/wp-content\/uploads\/2023\/01\/Ekran-Resmi-2023-01-24-14.50.37-768x1087.png 768w, https:\/\/ebridges.org\/wp-content\/uploads\/2023\/01\/Ekran-Resmi-2023-01-24-14.50.37-1085x1536.png 1085w, https:\/\/ebridges.org\/wp-content\/uploads\/2023\/01\/Ekran-Resmi-2023-01-24-14.50.37.png 1166w\" sizes=\"(max-width: 724px) 100vw, 724px\" \/>\t\t\t\t\t\t\t\t\t\t\t\t\t<\/div>\n\t\t\t\t<\/div>\n\t\t\t\t\t<\/div>\n\t\t<\/div>\n\t\t\t\t\t<\/div>\n\t\t<\/section>\n\t\t\t\t<\/div>\n\t\t","protected":false},"excerpt":{"rendered":"<p>\u00a0 \u00a0 \u00a0 Acest manual a fost elaborat \u00een cadrul domeniului de aplicare al Sprijinirii dialogul cu societatea civil\u0103 \u00eentre schema de granturi UE-TR, cu sprijinul financiar al Uniunii Europene. [&hellip;]<\/p>\n","protected":false},"author":1,"featured_media":0,"parent":0,"menu_order":0,"comment_status":"closed","ping_status":"closed","template":"","meta":{"_monsterinsights_skip_tracking":false,"_monsterinsights_sitenote_active":false,"_monsterinsights_sitenote_note":"","_monsterinsights_sitenote_category":0,"site-sidebar-layout":"no-sidebar","site-content-layout":"page-builder","ast-site-content-layout":"","site-content-style":"default","site-sidebar-style":"default","ast-global-header-display":"","ast-banner-title-visibility":"","ast-main-header-display":"","ast-hfb-above-header-display":"","ast-hfb-below-header-display":"","ast-hfb-mobile-header-display":"","site-post-title":"disabled","ast-breadcrumbs-content":"","ast-featured-img":"disabled","footer-sml-layout":"","theme-transparent-header-meta":"","adv-header-id-meta":"","stick-header-meta":"","header-above-stick-meta":"","header-main-stick-meta":"","header-below-stick-meta":"","astra-migrate-meta-layouts":"default","ast-page-background-enabled":"default","ast-page-background-meta":{"desktop":{"background-color":"","background-image":"","background-repeat":"repeat","background-position":"center center","background-size":"auto","background-attachment":"scroll","background-type":"","background-media":"","overlay-type":"","overlay-color":"","overlay-gradient":""},"tablet":{"background-color":"","background-image":"","background-repeat":"repeat","background-position":"center center","background-size":"auto","background-attachment":"scroll","background-type":"","background-media":"","overlay-type":"","overlay-color":"","overlay-gradient":""},"mobile":{"background-color":"","background-image":"","background-repeat":"repeat","background-position":"center center","background-size":"auto","background-attachment":"scroll","background-type":"","background-media":"","overlay-type":"","overlay-color":"","overlay-gradient":""}},"ast-content-background-meta":{"desktop":{"background-color":"var(--ast-global-color-5)","background-image":"","background-repeat":"repeat","background-position":"center center","background-size":"auto","background-attachment":"scroll","background-type":"","background-media":"","overlay-type":"","overlay-color":"","overlay-gradient":""},"tablet":{"background-color":"var(--ast-global-color-5)","background-image":"","background-repeat":"repeat","background-position":"center center","background-size":"auto","background-attachment":"scroll","background-type":"","background-media":"","overlay-type":"","overlay-color":"","overlay-gradient":""},"mobile":{"background-color":"var(--ast-global-color-5)","background-image":"","background-repeat":"repeat","background-position":"center center","background-size":"auto","background-attachment":"scroll","background-type":"","background-media":"","overlay-type":"","overlay-color":"","overlay-gradient":""}},"_EventAllDay":false,"_EventTimezone":"","_EventStartDate":"","_EventEndDate":"","_EventStartDateUTC":"","_EventEndDateUTC":"","_EventShowMap":false,"_EventShowMapLink":false,"_EventURL":"","_EventCost":"","_EventCostDescription":"","_EventCurrencySymbol":"","_EventCurrencyCode":"","_EventCurrencyPosition":"","_EventDateTimeSeparator":"","_EventTimeRangeSeparator":"","_EventOrganizerID":[],"_EventVenueID":[],"_OrganizerEmail":"","_OrganizerPhone":"","_OrganizerWebsite":"","_VenueAddress":"","_VenueCity":"","_VenueCountry":"","_VenueProvince":"","_VenueState":"","_VenueZip":"","_VenuePhone":"","_VenueURL":"","_VenueStateProvince":"","_VenueLat":"","_VenueLng":"","_VenueShowMap":false,"_VenueShowMapLink":false,"footnotes":""},"class_list":["post-4727","page","type-page","status-publish","hentry"],"_links":{"self":[{"href":"https:\/\/ebridges.org\/ro\/wp-json\/wp\/v2\/pages\/4727","targetHints":{"allow":["GET"]}}],"collection":[{"href":"https:\/\/ebridges.org\/ro\/wp-json\/wp\/v2\/pages"}],"about":[{"href":"https:\/\/ebridges.org\/ro\/wp-json\/wp\/v2\/types\/page"}],"author":[{"embeddable":true,"href":"https:\/\/ebridges.org\/ro\/wp-json\/wp\/v2\/users\/1"}],"replies":[{"embeddable":true,"href":"https:\/\/ebridges.org\/ro\/wp-json\/wp\/v2\/comments?post=4727"}],"version-history":[{"count":11,"href":"https:\/\/ebridges.org\/ro\/wp-json\/wp\/v2\/pages\/4727\/revisions"}],"predecessor-version":[{"id":4745,"href":"https:\/\/ebridges.org\/ro\/wp-json\/wp\/v2\/pages\/4727\/revisions\/4745"}],"wp:attachment":[{"href":"https:\/\/ebridges.org\/ro\/wp-json\/wp\/v2\/media?parent=4727"}],"curies":[{"name":"wp","href":"https:\/\/api.w.org\/{rel}","templated":true}]}}