{"id":2624,"date":"2021-11-04T07:58:21","date_gmt":"2021-11-04T07:58:21","guid":{"rendered":"https:\/\/ebridges.org\/?page_id=2624"},"modified":"2021-11-04T09:22:46","modified_gmt":"2021-11-04T09:22:46","slug":"ag","status":"publish","type":"page","link":"https:\/\/ebridges.org\/tr\/ag\/","title":{"rendered":"A\u011f"},"content":{"rendered":"\t\t<div data-elementor-type=\"wp-page\" data-elementor-id=\"2624\" class=\"elementor elementor-2624\">\n\t\t\t\t\t\t<section class=\"elementor-section elementor-top-section elementor-element elementor-element-7ed4e77 elementor-section-boxed elementor-section-height-default elementor-section-height-default\" data-id=\"7ed4e77\" data-element_type=\"section\" data-settings=\"{&quot;background_background&quot;:&quot;classic&quot;}\">\n\t\t\t\t\t\t<div class=\"elementor-container elementor-column-gap-no\">\n\t\t\t\t\t<div class=\"elementor-column elementor-col-100 elementor-top-column elementor-element elementor-element-6b6d716\" data-id=\"6b6d716\" data-element_type=\"column\">\n\t\t\t<div class=\"elementor-widget-wrap elementor-element-populated\">\n\t\t\t\t\t\t<div class=\"elementor-element elementor-element-14e873c elementor-widget elementor-widget-heading\" data-id=\"14e873c\" data-element_type=\"widget\" data-widget_type=\"heading.default\">\n\t\t\t\t<div class=\"elementor-widget-container\">\n\t\t\t<h2 class=\"elementor-heading-title elementor-size-default\">A\u011f<\/h2>\t\t<\/div>\n\t\t\t\t<\/div>\n\t\t\t\t\t<\/div>\n\t\t<\/div>\n\t\t\t\t\t<\/div>\n\t\t<\/section>\n\t\t\t\t<section class=\"elementor-section elementor-top-section elementor-element elementor-element-887763f elementor-section-boxed elementor-section-height-default elementor-section-height-default\" data-id=\"887763f\" data-element_type=\"section\">\n\t\t\t\t\t\t<div class=\"elementor-container elementor-column-gap-default\">\n\t\t\t\t\t<div class=\"elementor-column elementor-col-100 elementor-top-column elementor-element elementor-element-fd430e9\" data-id=\"fd430e9\" data-element_type=\"column\">\n\t\t\t<div class=\"elementor-widget-wrap elementor-element-populated\">\n\t\t\t\t\t\t<div class=\"elementor-element elementor-element-1c7ad0d elementor-widget elementor-widget-spacer\" data-id=\"1c7ad0d\" data-element_type=\"widget\" data-widget_type=\"spacer.default\">\n\t\t\t\t<div class=\"elementor-widget-container\">\n\t\t\t\t\t<div class=\"elementor-spacer\">\n\t\t\t<div class=\"elementor-spacer-inner\"><\/div>\n\t\t<\/div>\n\t\t\t\t<\/div>\n\t\t\t\t<\/div>\n\t\t\t\t\t<\/div>\n\t\t<\/div>\n\t\t\t\t\t<\/div>\n\t\t<\/section>\n\t\t\t\t<section class=\"elementor-section elementor-top-section elementor-element elementor-element-6effd48 elementor-section-boxed elementor-section-height-default elementor-section-height-default\" data-id=\"6effd48\" data-element_type=\"section\">\n\t\t\t\t\t\t<div class=\"elementor-container elementor-column-gap-default\">\n\t\t\t\t\t<div class=\"elementor-column elementor-col-50 elementor-top-column elementor-element elementor-element-adb6f81\" data-id=\"adb6f81\" data-element_type=\"column\">\n\t\t\t<div class=\"elementor-widget-wrap elementor-element-populated\">\n\t\t\t\t\t\t<div class=\"elementor-element elementor-element-b773102 elementor-widget elementor-widget-spacer\" data-id=\"b773102\" data-element_type=\"widget\" data-widget_type=\"spacer.default\">\n\t\t\t\t<div class=\"elementor-widget-container\">\n\t\t\t\t\t<div class=\"elementor-spacer\">\n\t\t\t<div class=\"elementor-spacer-inner\"><\/div>\n\t\t<\/div>\n\t\t\t\t<\/div>\n\t\t\t\t<\/div>\n\t\t\t\t<div class=\"elementor-element elementor-element-274c989 elementor-widget elementor-widget-text-editor\" data-id=\"274c989\" data-element_type=\"widget\" data-widget_type=\"text-editor.default\">\n\t\t\t\t<div class=\"elementor-widget-container\">\n\t\t\t\t\t\t\t<p><strong>Romanya<\/strong><\/p><p><span style=\"font-weight: 400;\">K\u00f6stence Sosyal Yard\u0131mla\u015fma ve \u00c7ocuk Esirgeme Kurumu Genel M\u00fcd\u00fcrl\u00fc\u011f\u00fc\u00a0<\/span><\/p><p><span style=\"font-weight: 400;\">K\u00f6stence E\u011fitim \u0130\u015fleri Tefti\u015f Kurulu<\/span><\/p><p><strong>ADAPTO<\/strong><\/p><p><span style=\"font-weight: 400;\">-Gelecek i\u00e7in Birlikte Derne\u011fi<\/span><\/p><p>&#8211;<span style=\"font-weight: 400;\">Motivasyon Vakf\u0131<\/span><\/p><p>&#8211; <span style=\"font-weight: 400;\">Arca G\u00fcnl\u00fck Bak\u0131m Merkezi<\/span><\/p><p>&#8211; <span style=\"font-weight: 400;\">Diyabetli \u00c7ocuklar ve Gen\u00e7ler Derne\u011fi \u201cTatl\u0131 Topraklar\u201d <\/span><\/p><p><strong>T\u00fcrkiye<\/strong><\/p><p><span style=\"font-weight: 400;\">Mersin Yeni\u015fehir Belediyesi<\/span><\/p><p><span style=\"font-weight: 400;\">Mersin \u0130l Milli E\u011fitim M\u00fcd\u00fcrl\u00fc\u011f\u00fc<\/span><\/p><p><strong>EBAGEM<\/strong><\/p><p><span style=\"font-weight: 400;\">-Z\u0130\u00c7EV Mersin<\/span><\/p><p><span style=\"font-weight: 400;\">-Mersin Engelliler Gen\u00e7lik Spor Kul\u00fcb\u00fc Derne\u011fi<\/span><\/p><p><span style=\"font-weight: 400;\">-Mersin Barosu<\/span><\/p><p><span style=\"font-weight: 400;\">-Tarsus G\u00f6rme Engelliler Derne\u011fi<\/span><\/p><p><span style=\"font-weight: 400;\">-Do\u011fu Akdeniz Engelliler Federasyonu<\/span><\/p>\t\t\t\t\t\t<\/div>\n\t\t\t\t<\/div>\n\t\t\t\t\t<\/div>\n\t\t<\/div>\n\t\t\t\t<div class=\"elementor-column elementor-col-50 elementor-top-column elementor-element elementor-element-f6fe4c6\" data-id=\"f6fe4c6\" data-element_type=\"column\">\n\t\t\t<div class=\"elementor-widget-wrap elementor-element-populated\">\n\t\t\t\t\t\t<div class=\"elementor-element elementor-element-54e4545 elementor-widget elementor-widget-spacer\" data-id=\"54e4545\" data-element_type=\"widget\" data-widget_type=\"spacer.default\">\n\t\t\t\t<div class=\"elementor-widget-container\">\n\t\t\t\t\t<div class=\"elementor-spacer\">\n\t\t\t<div class=\"elementor-spacer-inner\"><\/div>\n\t\t<\/div>\n\t\t\t\t<\/div>\n\t\t\t\t<\/div>\n\t\t\t\t<div class=\"elementor-element elementor-element-d192c11 elementor-widget elementor-widget-image\" data-id=\"d192c11\" data-element_type=\"widget\" data-widget_type=\"image.default\">\n\t\t\t\t<div class=\"elementor-widget-container\">\n\t\t\t\t\t\t\t\t\t\t\t\t\t<img fetchpriority=\"high\" decoding=\"async\" width=\"768\" height=\"768\" src=\"https:\/\/ebridges.org\/wp-content\/uploads\/2021\/09\/Dialogue-Networking.png\" class=\"attachment-large size-large wp-image-2318\" alt=\"\" srcset=\"https:\/\/ebridges.org\/wp-content\/uploads\/2021\/09\/Dialogue-Networking.png 768w, https:\/\/ebridges.org\/wp-content\/uploads\/2021\/09\/Dialogue-Networking-300x300.png 300w, https:\/\/ebridges.org\/wp-content\/uploads\/2021\/09\/Dialogue-Networking-150x150.png 150w\" sizes=\"(max-width: 768px) 100vw, 768px\" \/>\t\t\t\t\t\t\t\t\t\t\t\t\t<\/div>\n\t\t\t\t<\/div>\n\t\t\t\t\t<\/div>\n\t\t<\/div>\n\t\t\t\t\t<\/div>\n\t\t<\/section>\n\t\t\t\t<section class=\"elementor-section elementor-top-section elementor-element elementor-element-10ab848 elementor-section-boxed elementor-section-height-default elementor-section-height-default\" data-id=\"10ab848\" data-element_type=\"section\">\n\t\t\t\t\t\t<div class=\"elementor-container elementor-column-gap-default\">\n\t\t\t\t\t<div class=\"elementor-column elementor-col-100 elementor-top-column elementor-element elementor-element-2c2e550\" data-id=\"2c2e550\" data-element_type=\"column\">\n\t\t\t<div class=\"elementor-widget-wrap elementor-element-populated\">\n\t\t\t\t\t\t<div class=\"elementor-element elementor-element-6d5ec6a elementor-widget elementor-widget-spacer\" data-id=\"6d5ec6a\" data-element_type=\"widget\" data-widget_type=\"spacer.default\">\n\t\t\t\t<div class=\"elementor-widget-container\">\n\t\t\t\t\t<div class=\"elementor-spacer\">\n\t\t\t<div class=\"elementor-spacer-inner\"><\/div>\n\t\t<\/div>\n\t\t\t\t<\/div>\n\t\t\t\t<\/div>\n\t\t\t\t\t<\/div>\n\t\t<\/div>\n\t\t\t\t\t<\/div>\n\t\t<\/section>\n\t\t\t\t<section class=\"elementor-section elementor-top-section elementor-element elementor-element-bd255e6 elementor-section-boxed elementor-section-height-default elementor-section-height-default\" data-id=\"bd255e6\" data-element_type=\"section\">\n\t\t\t\t\t\t<div class=\"elementor-container elementor-column-gap-default\">\n\t\t\t\t\t<div class=\"elementor-column elementor-col-100 elementor-top-column elementor-element elementor-element-27e79b1\" data-id=\"27e79b1\" data-element_type=\"column\">\n\t\t\t<div class=\"elementor-widget-wrap elementor-element-populated\">\n\t\t\t\t\t\t<div class=\"elementor-element elementor-element-9118561 elementor-widget elementor-widget-image\" data-id=\"9118561\" data-element_type=\"widget\" data-widget_type=\"image.default\">\n\t\t\t\t<div class=\"elementor-widget-container\">\n\t\t\t\t\t\t\t\t\t\t\t\t\t<img decoding=\"async\" width=\"1024\" height=\"82\" src=\"https:\/\/ebridges.org\/wp-content\/uploads\/2021\/08\/footer-1024x82.png\" class=\"attachment-large size-large wp-image-2266\" alt=\"\" srcset=\"https:\/\/ebridges.org\/wp-content\/uploads\/2021\/08\/footer-1024x82.png 1024w, https:\/\/ebridges.org\/wp-content\/uploads\/2021\/08\/footer-300x24.png 300w, https:\/\/ebridges.org\/wp-content\/uploads\/2021\/08\/footer-768x61.png 768w, https:\/\/ebridges.org\/wp-content\/uploads\/2021\/08\/footer-1536x123.png 1536w, https:\/\/ebridges.org\/wp-content\/uploads\/2021\/08\/footer-2048x164.png 2048w\" sizes=\"(max-width: 1024px) 100vw, 1024px\" \/>\t\t\t\t\t\t\t\t\t\t\t\t\t<\/div>\n\t\t\t\t<\/div>\n\t\t\t\t\t<\/div>\n\t\t<\/div>\n\t\t\t\t\t<\/div>\n\t\t<\/section>\n\t\t\t\t<\/div>\n\t\t","protected":false},"excerpt":{"rendered":"<p>A\u011f Romanya K\u00f6stence Sosyal Yard\u0131mla\u015fma ve \u00c7ocuk Esirgeme Kurumu Genel M\u00fcd\u00fcrl\u00fc\u011f\u00fc\u00a0 K\u00f6stence E\u011fitim \u0130\u015fleri Tefti\u015f Kurulu ADAPTO -Gelecek i\u00e7in Birlikte Derne\u011fi -Motivasyon Vakf\u0131 &#8211; Arca G\u00fcnl\u00fck Bak\u0131m Merkezi &#8211; Diyabetli [&hellip;]<\/p>\n","protected":false},"author":1,"featured_media":0,"parent":0,"menu_order":0,"comment_status":"closed","ping_status":"closed","template":"","meta":{"_monsterinsights_skip_tracking":false,"_monsterinsights_sitenote_active":false,"_monsterinsights_sitenote_note":"","_monsterinsights_sitenote_category":0,"site-sidebar-layout":"no-sidebar","site-content-layout":"page-builder","ast-site-content-layout":"","site-content-style":"default","site-sidebar-style":"default","ast-global-header-display":"","ast-banner-title-visibility":"","ast-main-header-display":"","ast-hfb-above-header-display":"","ast-hfb-below-header-display":"","ast-hfb-mobile-header-display":"","site-post-title":"disabled","ast-breadcrumbs-content":"","ast-featured-img":"disabled","footer-sml-layout":"","theme-transparent-header-meta":"default","adv-header-id-meta":"","stick-header-meta":"","header-above-stick-meta":"","header-main-stick-meta":"","header-below-stick-meta":"","astra-migrate-meta-layouts":"default","ast-page-background-enabled":"default","ast-page-background-meta":{"desktop":{"background-color":"","background-image":"","background-repeat":"repeat","background-position":"center center","background-size":"auto","background-attachment":"scroll","background-type":"","background-media":"","overlay-type":"","overlay-color":"","overlay-gradient":""},"tablet":{"background-color":"","background-image":"","background-repeat":"repeat","background-position":"center center","background-size":"auto","background-attachment":"scroll","background-type":"","background-media":"","overlay-type":"","overlay-color":"","overlay-gradient":""},"mobile":{"background-color":"","background-image":"","background-repeat":"repeat","background-position":"center center","background-size":"auto","background-attachment":"scroll","background-type":"","background-media":"","overlay-type":"","overlay-color":"","overlay-gradient":""}},"ast-content-background-meta":{"desktop":{"background-color":"var(--ast-global-color-5)","background-image":"","background-repeat":"repeat","background-position":"center center","background-size":"auto","background-attachment":"scroll","background-type":"","background-media":"","overlay-type":"","overlay-color":"","overlay-gradient":""},"tablet":{"background-color":"var(--ast-global-color-5)","background-image":"","background-repeat":"repeat","background-position":"center center","background-size":"auto","background-attachment":"scroll","background-type":"","background-media":"","overlay-type":"","overlay-color":"","overlay-gradient":""},"mobile":{"background-color":"var(--ast-global-color-5)","background-image":"","background-repeat":"repeat","background-position":"center center","background-size":"auto","background-attachment":"scroll","background-type":"","background-media":"","overlay-type":"","overlay-color":"","overlay-gradient":""}},"_EventAllDay":false,"_EventTimezone":"","_EventStartDate":"","_EventEndDate":"","_EventStartDateUTC":"","_EventEndDateUTC":"","_EventShowMap":false,"_EventShowMapLink":false,"_EventURL":"","_EventCost":"","_EventCostDescription":"","_EventCurrencySymbol":"","_EventCurrencyCode":"","_EventCurrencyPosition":"","_EventDateTimeSeparator":"","_EventTimeRangeSeparator":"","_EventOrganizerID":[],"_EventVenueID":[],"_OrganizerEmail":"","_OrganizerPhone":"","_OrganizerWebsite":"","_VenueAddress":"","_VenueCity":"","_VenueCountry":"","_VenueProvince":"","_VenueState":"","_VenueZip":"","_VenuePhone":"","_VenueURL":"","_VenueStateProvince":"","_VenueLat":"","_VenueLng":"","_VenueShowMap":false,"_VenueShowMapLink":false,"footnotes":""},"class_list":["post-2624","page","type-page","status-publish","hentry"],"_links":{"self":[{"href":"https:\/\/ebridges.org\/tr\/wp-json\/wp\/v2\/pages\/2624","targetHints":{"allow":["GET"]}}],"collection":[{"href":"https:\/\/ebridges.org\/tr\/wp-json\/wp\/v2\/pages"}],"about":[{"href":"https:\/\/ebridges.org\/tr\/wp-json\/wp\/v2\/types\/page"}],"author":[{"embeddable":true,"href":"https:\/\/ebridges.org\/tr\/wp-json\/wp\/v2\/users\/1"}],"replies":[{"embeddable":true,"href":"https:\/\/ebridges.org\/tr\/wp-json\/wp\/v2\/comments?post=2624"}],"version-history":[{"count":0,"href":"https:\/\/ebridges.org\/tr\/wp-json\/wp\/v2\/pages\/2624\/revisions"}],"wp:attachment":[{"href":"https:\/\/ebridges.org\/tr\/wp-json\/wp\/v2\/media?parent=2624"}],"curies":[{"name":"wp","href":"https:\/\/api.w.org\/{rel}","templated":true}]}}