{"id":3543,"date":"2022-02-23T21:01:46","date_gmt":"2022-02-23T21:01:46","guid":{"rendered":"https:\/\/ebridges.org\/?page_id=3543"},"modified":"2022-02-23T21:03:41","modified_gmt":"2022-02-23T21:03:41","slug":"giris-yap","status":"publish","type":"page","link":"https:\/\/ebridges.org\/tr\/giris-yap\/","title":{"rendered":"Giri\u015f Yap"},"content":{"rendered":"\t\t<div data-elementor-type=\"wp-page\" data-elementor-id=\"3543\" class=\"elementor elementor-3543\">\n\t\t\t\t\t\t<section class=\"elementor-section elementor-top-section elementor-element elementor-element-e3511c7 elementor-section-height-min-height elementor-section-content-middle elementor-section-boxed elementor-section-height-default elementor-section-items-middle\" data-id=\"e3511c7\" data-element_type=\"section\" data-settings=\"{&quot;background_background&quot;:&quot;classic&quot;}\">\n\t\t\t\t\t\t<div class=\"elementor-container elementor-column-gap-no\">\n\t\t\t\t\t<div class=\"elementor-column elementor-col-100 elementor-top-column elementor-element elementor-element-3baec703\" data-id=\"3baec703\" data-element_type=\"column\" data-settings=\"{&quot;background_background&quot;:&quot;none&quot;}\">\n\t\t\t<div class=\"elementor-widget-wrap elementor-element-populated\">\n\t\t\t\t\t\t<section class=\"elementor-section elementor-inner-section elementor-element elementor-element-3c026730 elementor-section-height-min-height elementor-section-content-middle elementor-section-boxed elementor-section-height-default\" data-id=\"3c026730\" data-element_type=\"section\">\n\t\t\t\t\t\t<div class=\"elementor-container elementor-column-gap-default\">\n\t\t\t\t\t<div class=\"elementor-column elementor-col-50 elementor-inner-column elementor-element elementor-element-6b509b85\" data-id=\"6b509b85\" data-element_type=\"column\" data-settings=\"{&quot;background_background&quot;:&quot;gradient&quot;}\">\n\t\t\t<div class=\"elementor-widget-wrap elementor-element-populated\">\n\t\t\t\t\t\t<div class=\"elementor-element elementor-element-a65c819 elementor-widget elementor-widget-image\" data-id=\"a65c819\" data-element_type=\"widget\" data-widget_type=\"image.default\">\n\t\t\t\t<div class=\"elementor-widget-container\">\n\t\t\t\t\t\t\t\t\t\t\t\t\t<img decoding=\"async\" width=\"300\" height=\"153\" src=\"https:\/\/ebridges.org\/wp-content\/uploads\/2021\/08\/cropped-AB-dalgali-bayrag\u0306i-300x153.png\" class=\"attachment-medium size-medium wp-image-2264\" alt=\"\" srcset=\"https:\/\/ebridges.org\/wp-content\/uploads\/2021\/08\/cropped-AB-dalgali-bayrag\u0306i-300x153.png 300w, https:\/\/ebridges.org\/wp-content\/uploads\/2021\/08\/cropped-AB-dalgali-bayrag\u0306i-768x392.png 768w, https:\/\/ebridges.org\/wp-content\/uploads\/2021\/08\/cropped-AB-dalgali-bayrag\u0306i-284x145.png 284w, https:\/\/ebridges.org\/wp-content\/uploads\/2021\/08\/cropped-AB-dalgali-bayrag\u0306i.png 807w\" sizes=\"(max-width: 300px) 100vw, 300px\" \/>\t\t\t\t\t\t\t\t\t\t\t\t\t<\/div>\n\t\t\t\t<\/div>\n\t\t\t\t<div class=\"elementor-element elementor-element-35d0bdd0 elementor-widget elementor-widget-heading\" data-id=\"35d0bdd0\" data-element_type=\"widget\" data-widget_type=\"heading.default\">\n\t\t\t\t<div class=\"elementor-widget-container\">\n\t\t\t<h2 class=\"elementor-heading-title elementor-size-default\">Ho\u015fgeldiniz<\/h2>\t\t<\/div>\n\t\t\t\t<\/div>\n\t\t\t\t<div class=\"elementor-element elementor-element-daf7c1d elementor-widget elementor-widget-text-editor\" data-id=\"daf7c1d\" data-element_type=\"widget\" data-widget_type=\"text-editor.default\">\n\t\t\t\t<div class=\"elementor-widget-container\">\n\t\t\t\t\t\t\t<p>u platform, e\u011fitmenlerin engelli haklar\u0131n\u0131 \u00f6\u011frenme s\u00fcrecinde teorik bilgilerini geli\u015ftirmeleri i\u00e7in a\u00e7\u0131k alan sa\u011flamay\u0131 ama\u00e7lamaktad\u0131r. \u00d6nerilen metodolojik yakla\u015f\u0131m\u0131m\u0131z, \u00e7evrimi\u00e7i e\u011fitim materyallerini ve \u00e7evrimi\u00e7i etkile\u015fim f\u0131rsatlar\u0131n\u0131 geleneksel fiziksel temelli formal e\u011fitim y\u00f6ntemleriyle birle\u015ftiren karma \u00f6\u011frenmedir. Engellilik alan\u0131nda \u00e7o\u011funlukla ya engeli olan bireyler (EB) veya engeli olan aile \u00fcyeleri\/akrabalar\u0131 olan ki\u015filer \u00e7al\u0131\u015fmaktad\u0131r. Bu ki\u015filer \u00e7ocuklar\u0131n\u0131n veya engelli yak\u0131nlar\u0131n\u0131n evde bak\u0131mlar\u0131n\u0131n yo\u011funlu\u011fu nedeniyle e\u011fitim faaliyetlerine ula\u015fmakta zorlanmaktad\u0131r. Bundan dolay\u0131 bu e-\u00f6\u011frenme platformu; e\u011fitmenler\/sosyal hizmet uzmanlar\u0131\/gen\u00e7lik \u00e7al\u0131\u015fanlar\u0131\/bak\u0131c\u0131lar\/STK \u00e7al\u0131\u015fanlar\u0131, vb. taraf\u0131ndan kendi e\u011fitim faaliyetleri i\u00e7in daha eri\u015filebilir ko\u015fullarda kullanabilmeleri i\u00e7in tasarlanm\u0131\u015ft\u0131r.\u00a0<\/p>\t\t\t\t\t\t<\/div>\n\t\t\t\t<\/div>\n\t\t\t\t<div class=\"elementor-element elementor-element-4631220a elementor-widget elementor-widget-spacer\" data-id=\"4631220a\" data-element_type=\"widget\" data-widget_type=\"spacer.default\">\n\t\t\t\t<div class=\"elementor-widget-container\">\n\t\t\t\t\t<div class=\"elementor-spacer\">\n\t\t\t<div class=\"elementor-spacer-inner\"><\/div>\n\t\t<\/div>\n\t\t\t\t<\/div>\n\t\t\t\t<\/div>\n\t\t\t\t<div class=\"elementor-element elementor-element-3bdad62 elementor-widget elementor-widget-image\" data-id=\"3bdad62\" data-element_type=\"widget\" data-widget_type=\"image.default\">\n\t\t\t\t<div class=\"elementor-widget-container\">\n\t\t\t\t\t\t\t\t\t\t\t\t\t<img fetchpriority=\"high\" decoding=\"async\" width=\"1024\" height=\"82\" src=\"https:\/\/ebridges.org\/wp-content\/uploads\/2021\/08\/footer-1024x82.png\" class=\"attachment-large size-large wp-image-2266\" alt=\"\" srcset=\"https:\/\/ebridges.org\/wp-content\/uploads\/2021\/08\/footer-1024x82.png 1024w, https:\/\/ebridges.org\/wp-content\/uploads\/2021\/08\/footer-300x24.png 300w, https:\/\/ebridges.org\/wp-content\/uploads\/2021\/08\/footer-768x61.png 768w, https:\/\/ebridges.org\/wp-content\/uploads\/2021\/08\/footer-1536x123.png 1536w, https:\/\/ebridges.org\/wp-content\/uploads\/2021\/08\/footer-2048x164.png 2048w\" sizes=\"(max-width: 1024px) 100vw, 1024px\" \/>\t\t\t\t\t\t\t\t\t\t\t\t\t<\/div>\n\t\t\t\t<\/div>\n\t\t\t\t\t<\/div>\n\t\t<\/div>\n\t\t\t\t<div class=\"elementor-column elementor-col-50 elementor-inner-column elementor-element elementor-element-1b4fcd27\" data-id=\"1b4fcd27\" data-element_type=\"column\" data-settings=\"{&quot;background_background&quot;:&quot;classic&quot;}\">\n\t\t\t<div class=\"elementor-widget-wrap elementor-element-populated\">\n\t\t\t\t\t\t<div class=\"elementor-element elementor-element-8423a4d elementor-widget elementor-widget-text-editor\" data-id=\"8423a4d\" data-element_type=\"widget\" data-widget_type=\"text-editor.default\">\n\t\t\t\t<div class=\"elementor-widget-container\">\n\t\t\t\t\t\t\t[profilepress-registration id=&#8221;2&#8243;]\t\t\t\t\t\t<\/div>\n\t\t\t\t<\/div>\n\t\t\t\t\t<\/div>\n\t\t<\/div>\n\t\t\t\t\t<\/div>\n\t\t<\/section>\n\t\t\t\t\t<\/div>\n\t\t<\/div>\n\t\t\t\t\t<\/div>\n\t\t<\/section>\n\t\t\t\t<section class=\"elementor-section elementor-top-section elementor-element elementor-element-637708a elementor-section-boxed elementor-section-height-default elementor-section-height-default\" data-id=\"637708a\" data-element_type=\"section\">\n\t\t\t\t\t\t<div class=\"elementor-container elementor-column-gap-default\">\n\t\t\t\t\t<div class=\"elementor-column elementor-col-100 elementor-top-column elementor-element elementor-element-1a739202\" data-id=\"1a739202\" data-element_type=\"column\">\n\t\t\t<div class=\"elementor-widget-wrap elementor-element-populated\">\n\t\t\t\t\t\t\t<\/div>\n\t\t<\/div>\n\t\t\t\t\t<\/div>\n\t\t<\/section>\n\t\t\t\t<\/div>\n\t\t","protected":false},"excerpt":{"rendered":"<p>Ho\u015fgeldiniz u platform, e\u011fitmenlerin engelli haklar\u0131n\u0131 \u00f6\u011frenme s\u00fcrecinde teorik bilgilerini geli\u015ftirmeleri i\u00e7in a\u00e7\u0131k alan sa\u011flamay\u0131 ama\u00e7lamaktad\u0131r. \u00d6nerilen metodolojik yakla\u015f\u0131m\u0131m\u0131z, \u00e7evrimi\u00e7i e\u011fitim materyallerini ve \u00e7evrimi\u00e7i etkile\u015fim f\u0131rsatlar\u0131n\u0131 geleneksel fiziksel temelli formal [&hellip;]<\/p>\n","protected":false},"author":1,"featured_media":0,"parent":0,"menu_order":0,"comment_status":"closed","ping_status":"closed","template":"","meta":{"_monsterinsights_skip_tracking":false,"_monsterinsights_sitenote_active":false,"_monsterinsights_sitenote_note":"","_monsterinsights_sitenote_category":0,"site-sidebar-layout":"no-sidebar","site-content-layout":"page-builder","ast-site-content-layout":"","site-content-style":"default","site-sidebar-style":"default","ast-global-header-display":"","ast-banner-title-visibility":"","ast-main-header-display":"disabled","ast-hfb-above-header-display":"disabled","ast-hfb-below-header-display":"","ast-hfb-mobile-header-display":"disabled","site-post-title":"disabled","ast-breadcrumbs-content":"disabled","ast-featured-img":"disabled","footer-sml-layout":"disabled","theme-transparent-header-meta":"default","adv-header-id-meta":"","stick-header-meta":"","header-above-stick-meta":"","header-main-stick-meta":"","header-below-stick-meta":"","astra-migrate-meta-layouts":"default","ast-page-background-enabled":"default","ast-page-background-meta":{"desktop":{"background-color":"","background-image":"","background-repeat":"repeat","background-position":"center center","background-size":"auto","background-attachment":"scroll","background-type":"","background-media":"","overlay-type":"","overlay-color":"","overlay-gradient":""},"tablet":{"background-color":"","background-image":"","background-repeat":"repeat","background-position":"center center","background-size":"auto","background-attachment":"scroll","background-type":"","background-media":"","overlay-type":"","overlay-color":"","overlay-gradient":""},"mobile":{"background-color":"","background-image":"","background-repeat":"repeat","background-position":"center center","background-size":"auto","background-attachment":"scroll","background-type":"","background-media":"","overlay-type":"","overlay-color":"","overlay-gradient":""}},"ast-content-background-meta":{"desktop":{"background-color":"var(--ast-global-color-5)","background-image":"","background-repeat":"repeat","background-position":"center center","background-size":"auto","background-attachment":"scroll","background-type":"","background-media":"","overlay-type":"","overlay-color":"","overlay-gradient":""},"tablet":{"background-color":"var(--ast-global-color-5)","background-image":"","background-repeat":"repeat","background-position":"center center","background-size":"auto","background-attachment":"scroll","background-type":"","background-media":"","overlay-type":"","overlay-color":"","overlay-gradient":""},"mobile":{"background-color":"var(--ast-global-color-5)","background-image":"","background-repeat":"repeat","background-position":"center center","background-size":"auto","background-attachment":"scroll","background-type":"","background-media":"","overlay-type":"","overlay-color":"","overlay-gradient":""}},"_EventAllDay":false,"_EventTimezone":"","_EventStartDate":"","_EventEndDate":"","_EventStartDateUTC":"","_EventEndDateUTC":"","_EventShowMap":false,"_EventShowMapLink":false,"_EventURL":"","_EventCost":"","_EventCostDescription":"","_EventCurrencySymbol":"","_EventCurrencyCode":"","_EventCurrencyPosition":"","_EventDateTimeSeparator":"","_EventTimeRangeSeparator":"","_EventOrganizerID":[],"_EventVenueID":[],"_OrganizerEmail":"","_OrganizerPhone":"","_OrganizerWebsite":"","_VenueAddress":"","_VenueCity":"","_VenueCountry":"","_VenueProvince":"","_VenueState":"","_VenueZip":"","_VenuePhone":"","_VenueURL":"","_VenueStateProvince":"","_VenueLat":"","_VenueLng":"","_VenueShowMap":false,"_VenueShowMapLink":false,"footnotes":""},"class_list":["post-3543","page","type-page","status-publish","hentry"],"_links":{"self":[{"href":"https:\/\/ebridges.org\/tr\/wp-json\/wp\/v2\/pages\/3543","targetHints":{"allow":["GET"]}}],"collection":[{"href":"https:\/\/ebridges.org\/tr\/wp-json\/wp\/v2\/pages"}],"about":[{"href":"https:\/\/ebridges.org\/tr\/wp-json\/wp\/v2\/types\/page"}],"author":[{"embeddable":true,"href":"https:\/\/ebridges.org\/tr\/wp-json\/wp\/v2\/users\/1"}],"replies":[{"embeddable":true,"href":"https:\/\/ebridges.org\/tr\/wp-json\/wp\/v2\/comments?post=3543"}],"version-history":[{"count":4,"href":"https:\/\/ebridges.org\/tr\/wp-json\/wp\/v2\/pages\/3543\/revisions"}],"predecessor-version":[{"id":3547,"href":"https:\/\/ebridges.org\/tr\/wp-json\/wp\/v2\/pages\/3543\/revisions\/3547"}],"wp:attachment":[{"href":"https:\/\/ebridges.org\/tr\/wp-json\/wp\/v2\/media?parent=3543"}],"curies":[{"name":"wp","href":"https:\/\/api.w.org\/{rel}","templated":true}]}}