{"id":4252,"date":"2022-03-31T14:05:43","date_gmt":"2022-03-31T14:05:43","guid":{"rendered":"https:\/\/ebridges.org\/?page_id=4252"},"modified":"2022-03-31T16:06:22","modified_gmt":"2022-03-31T16:06:22","slug":"booklet","status":"publish","type":"page","link":"https:\/\/ebridges.org\/tr\/booklet\/","title":{"rendered":"Kitap\u00e7\u0131k"},"content":{"rendered":"\t\t<div data-elementor-type=\"wp-page\" data-elementor-id=\"4252\" class=\"elementor elementor-4252\">\n\t\t\t\t\t\t<section class=\"elementor-section elementor-top-section elementor-element elementor-element-6ac8559 elementor-section-boxed elementor-section-height-default elementor-section-height-default\" data-id=\"6ac8559\" data-element_type=\"section\">\n\t\t\t\t\t\t<div class=\"elementor-container elementor-column-gap-default\">\n\t\t\t\t\t<div class=\"elementor-column elementor-col-33 elementor-top-column elementor-element elementor-element-e5bf80d\" data-id=\"e5bf80d\" data-element_type=\"column\">\n\t\t\t<div class=\"elementor-widget-wrap elementor-element-populated\">\n\t\t\t\t\t\t<div class=\"elementor-element elementor-element-a6c5bad elementor-widget elementor-widget-text-editor\" data-id=\"a6c5bad\" data-element_type=\"widget\" data-widget_type=\"text-editor.default\">\n\t\t\t\t<div class=\"elementor-widget-container\">\n\t\t\t\t\t\t\t<p class=\"p1\">Bu kitap\u00e7\u0131k Avrupa Birli\u011fi\u2019nin mali deste\u011fiyle haz\u0131rlanm\u0131\u015ft\u0131r. \u0130\u00e7eri\u011fi tamamen Engeli Olan Bireyler ve Aileleri Geli\u015fim Merkezi Derne\u011fi\u2019ne aittir ve Avrupa Birli\u011fi\u2019nin g\u00f6r\u00fc\u015flerini yans\u0131tmak zorunda de\u011fildir.<span class=\"Apple-converted-space\">\u00a0<\/span><\/p><p class=\"p2\"><b>Engeli Olan Bireyler ve Aileleri Geli\u015fim Merkezi<span class=\"Apple-converted-space\">\u00a0<\/span><\/b><\/p><p class=\"p1\"><span class=\"s1\"><b>Phone <\/b><\/span>: 0 324 325 60 65<span class=\"Apple-converted-space\">\u00a0<\/span><\/p><p class=\"p1\"><span class=\"s1\"><b>Mobile <\/b><\/span>: 0 535 377 71 71<span class=\"Apple-converted-space\">\u00a0<\/span><\/p><p class=\"p1\">www.ebagem.com<span class=\"Apple-converted-space\">\u00a0<\/span><\/p><p class=\"p1\"><span class=\"s1\"><b>E-mail <\/b><\/span>: ebagemdernegi@gmail.com<span class=\"Apple-converted-space\">\u00a0<\/span><\/p><p class=\"p1\"><span class=\"s1\"><b>Address <\/b><\/span>: \u0130n\u00f6n\u00fc Mah. 1403 Sk. \u00c7i\u011fdem Apt. No:21 A Blok<span class=\"Apple-converted-space\">\u00a0<\/span><\/p><p class=\"p1\">Kat: 1 Daire: 1 33130 Yeni\u015fehir-Mersin\/T\u00fcrkiye<span class=\"Apple-converted-space\">\u00a0<\/span><\/p><p class=\"p2\"><b>Mart, 2022<span class=\"Apple-converted-space\">\u00a0<\/span><\/b><\/p><p class=\"p3\"><b>TEL\u0130F HAKKI<span class=\"Apple-converted-space\">\u00a0<\/span><\/b><\/p><p class=\"p3\">Kaynak usul\u00fcne uygun olarak belirtildi\u011fi taktirde<span class=\"Apple-converted-space\"> \u00a0<\/span>al\u0131nt\u0131lar yay\u0131nlanabilir.<span class=\"Apple-converted-space\">\u00a0<\/span><\/p>\t\t\t\t\t\t<\/div>\n\t\t\t\t<\/div>\n\t\t\t\t<div class=\"elementor-element elementor-element-14b624b elementor-align-center elementor-widget elementor-widget-button\" data-id=\"14b624b\" data-element_type=\"widget\" data-widget_type=\"button.default\">\n\t\t\t\t<div class=\"elementor-widget-container\">\n\t\t\t\t\t<div class=\"elementor-button-wrapper\">\n\t\t\t<a class=\"elementor-button elementor-button-link elementor-size-lg\" href=\"https:\/\/ebridges.org\/wp-content\/uploads\/2022\/03\/Booklet_TR.pdf\">\n\t\t\t\t\t\t<span class=\"elementor-button-content-wrapper\">\n\t\t\t\t\t\t\t\t\t<span class=\"elementor-button-text\">\u0130ndir<\/span>\n\t\t\t\t\t<\/span>\n\t\t\t\t\t<\/a>\n\t\t<\/div>\n\t\t\t\t<\/div>\n\t\t\t\t<\/div>\n\t\t\t\t\t<\/div>\n\t\t<\/div>\n\t\t\t\t<div class=\"elementor-column elementor-col-66 elementor-top-column elementor-element elementor-element-3e46376\" data-id=\"3e46376\" data-element_type=\"column\">\n\t\t\t<div class=\"elementor-widget-wrap elementor-element-populated\">\n\t\t\t\t\t\t<div class=\"elementor-element elementor-element-41e504d elementor-widget elementor-widget-image\" data-id=\"41e504d\" data-element_type=\"widget\" data-widget_type=\"image.default\">\n\t\t\t\t<div class=\"elementor-widget-container\">\n\t\t\t\t\t\t\t\t\t\t\t\t\t<img fetchpriority=\"high\" decoding=\"async\" width=\"789\" height=\"1024\" src=\"https:\/\/ebridges.org\/wp-content\/uploads\/2022\/03\/Ekran-Resmi-2022-03-31-19.04.13-789x1024.png\" class=\"attachment-large size-large wp-image-4276\" alt=\"\" srcset=\"https:\/\/ebridges.org\/wp-content\/uploads\/2022\/03\/Ekran-Resmi-2022-03-31-19.04.13-789x1024.png 789w, https:\/\/ebridges.org\/wp-content\/uploads\/2022\/03\/Ekran-Resmi-2022-03-31-19.04.13-231x300.png 231w, https:\/\/ebridges.org\/wp-content\/uploads\/2022\/03\/Ekran-Resmi-2022-03-31-19.04.13-768x997.png 768w, https:\/\/ebridges.org\/wp-content\/uploads\/2022\/03\/Ekran-Resmi-2022-03-31-19.04.13.png 1034w\" sizes=\"(max-width: 789px) 100vw, 789px\" \/>\t\t\t\t\t\t\t\t\t\t\t\t\t<\/div>\n\t\t\t\t<\/div>\n\t\t\t\t\t<\/div>\n\t\t<\/div>\n\t\t\t\t\t<\/div>\n\t\t<\/section>\n\t\t\t\t<\/div>\n\t\t","protected":false},"excerpt":{"rendered":"<p>Bu kitap\u00e7\u0131k Avrupa Birli\u011fi\u2019nin mali deste\u011fiyle haz\u0131rlanm\u0131\u015ft\u0131r. \u0130\u00e7eri\u011fi tamamen Engeli Olan Bireyler ve Aileleri Geli\u015fim Merkezi Derne\u011fi\u2019ne aittir ve Avrupa Birli\u011fi\u2019nin g\u00f6r\u00fc\u015flerini yans\u0131tmak zorunda de\u011fildir.\u00a0 Engeli Olan Bireyler ve Aileleri [&hellip;]<\/p>\n","protected":false},"author":1,"featured_media":0,"parent":0,"menu_order":0,"comment_status":"closed","ping_status":"closed","template":"","meta":{"_monsterinsights_skip_tracking":false,"_monsterinsights_sitenote_active":false,"_monsterinsights_sitenote_note":"","_monsterinsights_sitenote_category":0,"site-sidebar-layout":"no-sidebar","site-content-layout":"page-builder","ast-site-content-layout":"","site-content-style":"default","site-sidebar-style":"default","ast-global-header-display":"","ast-banner-title-visibility":"","ast-main-header-display":"","ast-hfb-above-header-display":"","ast-hfb-below-header-display":"","ast-hfb-mobile-header-display":"","site-post-title":"disabled","ast-breadcrumbs-content":"","ast-featured-img":"disabled","footer-sml-layout":"","theme-transparent-header-meta":"","adv-header-id-meta":"","stick-header-meta":"","header-above-stick-meta":"","header-main-stick-meta":"","header-below-stick-meta":"","astra-migrate-meta-layouts":"default","ast-page-background-enabled":"default","ast-page-background-meta":{"desktop":{"background-color":"","background-image":"","background-repeat":"repeat","background-position":"center center","background-size":"auto","background-attachment":"scroll","background-type":"","background-media":"","overlay-type":"","overlay-color":"","overlay-gradient":""},"tablet":{"background-color":"","background-image":"","background-repeat":"repeat","background-position":"center center","background-size":"auto","background-attachment":"scroll","background-type":"","background-media":"","overlay-type":"","overlay-color":"","overlay-gradient":""},"mobile":{"background-color":"","background-image":"","background-repeat":"repeat","background-position":"center center","background-size":"auto","background-attachment":"scroll","background-type":"","background-media":"","overlay-type":"","overlay-color":"","overlay-gradient":""}},"ast-content-background-meta":{"desktop":{"background-color":"var(--ast-global-color-5)","background-image":"","background-repeat":"repeat","background-position":"center center","background-size":"auto","background-attachment":"scroll","background-type":"","background-media":"","overlay-type":"","overlay-color":"","overlay-gradient":""},"tablet":{"background-color":"var(--ast-global-color-5)","background-image":"","background-repeat":"repeat","background-position":"center center","background-size":"auto","background-attachment":"scroll","background-type":"","background-media":"","overlay-type":"","overlay-color":"","overlay-gradient":""},"mobile":{"background-color":"var(--ast-global-color-5)","background-image":"","background-repeat":"repeat","background-position":"center center","background-size":"auto","background-attachment":"scroll","background-type":"","background-media":"","overlay-type":"","overlay-color":"","overlay-gradient":""}},"_EventAllDay":false,"_EventTimezone":"","_EventStartDate":"","_EventEndDate":"","_EventStartDateUTC":"","_EventEndDateUTC":"","_EventShowMap":false,"_EventShowMapLink":false,"_EventURL":"","_EventCost":"","_EventCostDescription":"","_EventCurrencySymbol":"","_EventCurrencyCode":"","_EventCurrencyPosition":"","_EventDateTimeSeparator":"","_EventTimeRangeSeparator":"","_EventOrganizerID":[],"_EventVenueID":[],"_OrganizerEmail":"","_OrganizerPhone":"","_OrganizerWebsite":"","_VenueAddress":"","_VenueCity":"","_VenueCountry":"","_VenueProvince":"","_VenueState":"","_VenueZip":"","_VenuePhone":"","_VenueURL":"","_VenueStateProvince":"","_VenueLat":"","_VenueLng":"","_VenueShowMap":false,"_VenueShowMapLink":false,"footnotes":""},"class_list":["post-4252","page","type-page","status-publish","hentry"],"_links":{"self":[{"href":"https:\/\/ebridges.org\/tr\/wp-json\/wp\/v2\/pages\/4252","targetHints":{"allow":["GET"]}}],"collection":[{"href":"https:\/\/ebridges.org\/tr\/wp-json\/wp\/v2\/pages"}],"about":[{"href":"https:\/\/ebridges.org\/tr\/wp-json\/wp\/v2\/types\/page"}],"author":[{"embeddable":true,"href":"https:\/\/ebridges.org\/tr\/wp-json\/wp\/v2\/users\/1"}],"replies":[{"embeddable":true,"href":"https:\/\/ebridges.org\/tr\/wp-json\/wp\/v2\/comments?post=4252"}],"version-history":[{"count":14,"href":"https:\/\/ebridges.org\/tr\/wp-json\/wp\/v2\/pages\/4252\/revisions"}],"predecessor-version":[{"id":4287,"href":"https:\/\/ebridges.org\/tr\/wp-json\/wp\/v2\/pages\/4252\/revisions\/4287"}],"wp:attachment":[{"href":"https:\/\/ebridges.org\/tr\/wp-json\/wp\/v2\/media?parent=4252"}],"curies":[{"name":"wp","href":"https:\/\/api.w.org\/{rel}","templated":true}]}}