{"id":4648,"date":"2022-06-28T10:37:30","date_gmt":"2022-06-28T10:37:30","guid":{"rendered":"https:\/\/ebridges.org\/?page_id=4648"},"modified":"2022-07-04T08:38:31","modified_gmt":"2022-07-04T08:38:31","slug":"ab-turkiye-dostluk-rehberi%ef%bf%bc","status":"publish","type":"page","link":"https:\/\/ebridges.org\/tr\/ab-turkiye-dostluk-rehberi%ef%bf%bc\/","title":{"rendered":"AB-T\u00fcrkiye Dostluk Rehberi\ufffc"},"content":{"rendered":"\t\t<div data-elementor-type=\"wp-page\" data-elementor-id=\"4648\" class=\"elementor elementor-4648\">\n\t\t\t\t\t\t<section class=\"elementor-section elementor-top-section elementor-element elementor-element-5edfdac elementor-section-boxed elementor-section-height-default elementor-section-height-default\" data-id=\"5edfdac\" data-element_type=\"section\">\n\t\t\t\t\t\t<div class=\"elementor-container elementor-column-gap-default\">\n\t\t\t\t\t<div class=\"elementor-column elementor-col-50 elementor-top-column elementor-element elementor-element-f044307\" data-id=\"f044307\" data-element_type=\"column\">\n\t\t\t<div class=\"elementor-widget-wrap elementor-element-populated\">\n\t\t\t\t\t\t<div class=\"elementor-element elementor-element-61f3533 elementor-widget elementor-widget-text-editor\" data-id=\"61f3533\" data-element_type=\"widget\" data-widget_type=\"text-editor.default\">\n\t\t\t\t<div class=\"elementor-widget-container\">\n\t\t\t\t\t\t\t<p class=\"p1\"><i>Bu k\u0131lavuz Avrupa Birli\u011fi\u2019nin Finansal deste\u011fi <\/i><i>ile haz\u0131rlanm\u0131\u015ft\u0131r. Bu i\u00e7erik yaln\u0131zca POVOD ve <\/i><i>FEIO sorumlulu\u011fundad\u0131r ve Avrupa Birli\u011fi\u2019nin <\/i><i>g\u00f6ru\u0308\u015flerini yans\u0131tmaz.<\/i><\/p><p class=\"p1\"><i>IPA PROGRAMI <\/i><i>NED\u0130R?<\/i><\/p><p class=\"p2\"><i>Su\u0308rdu\u0308ru\u0308lebilir Kalk\u0131nma i\u00e7in <\/i><i>Politika Uyumu Hakk\u0131nda<\/i><\/p><p class=\"p3\"><i>Su\u0308rdu\u0308ru\u0308lebilir Kalk\u0131nma \u0130\u00e7in Politika <\/i><i>Uyumlulu\u011fu Konsorsiyumu<\/i><\/p><p class=\"p1\"><i>Bu k\u0131lavuz, AB ile Tu\u0308rkiye aras\u0131nda Sivil Toplum <\/i><i>Destek Program\u0131 III kapsam\u0131nda &#8220;Su\u0308rdu\u0308ru\u0308lebilir <\/i><i>Kalk\u0131nma i\u00e7in Politika Uyumu&#8221; adl\u0131 proje i\u00e7in <\/i><i>haz\u0131rlanm\u0131\u015ft\u0131r. Proje AB&#8217;ye kat\u0131l\u0131m su\u0308reci ve AB ile <\/i><i>Tu\u0308rkiye aras\u0131ndaki i\u015fbirli\u011fi hakk\u0131nda pratik <\/i><i>bilgiler vermeyi ama\u00e7lamaktad\u0131r; Bu k\u0131lavuzun <\/i><i>i\u00e7eri\u011fi, Gen\u00e7lik ve Su\u0308rdu\u0308ru\u0308lebilir Kalk\u0131nma <\/i><i>alan\u0131nda AB-Tu\u0308rkiye i\u015f birli\u011fine kat\u0131lmak, <\/i><i>i\u015f birli\u011fine katk\u0131da bulunmak, AB kat\u0131l\u0131m su\u0308reci ve <\/i><i>mevcut fonlar &amp; f\u0131rsatlar hakk\u0131nda daha fazla <\/i><i>bilgi edinmek i\u00e7in Tu\u0308rkiye ve Avrupa Birli\u011fi\u2019ndeki <\/i><i>Sivil Toplum Kurulu\u015flar\u0131na y\u00f6nelik haz\u0131rlanm\u0131\u015ft\u0131r.<\/i><\/p>\t\t\t\t\t\t<\/div>\n\t\t\t\t<\/div>\n\t\t\t\t\t<\/div>\n\t\t<\/div>\n\t\t\t\t<div class=\"elementor-column elementor-col-50 elementor-top-column elementor-element elementor-element-3b3ded2\" data-id=\"3b3ded2\" data-element_type=\"column\">\n\t\t\t<div class=\"elementor-widget-wrap elementor-element-populated\">\n\t\t\t\t\t\t<div class=\"elementor-element elementor-element-65ce3b5 elementor-widget elementor-widget-image\" data-id=\"65ce3b5\" data-element_type=\"widget\" data-widget_type=\"image.default\">\n\t\t\t\t<div class=\"elementor-widget-container\">\n\t\t\t\t\t\t\t\t\t\t\t\t\t<img fetchpriority=\"high\" decoding=\"async\" width=\"1024\" height=\"571\" src=\"https:\/\/ebridges.org\/wp-content\/uploads\/2022\/07\/Ekran-Resmi-2022-07-04-11.34.00-1024x571.png\" class=\"attachment-large size-large wp-image-4711\" alt=\"\" srcset=\"https:\/\/ebridges.org\/wp-content\/uploads\/2022\/07\/Ekran-Resmi-2022-07-04-11.34.00-1024x571.png 1024w, https:\/\/ebridges.org\/wp-content\/uploads\/2022\/07\/Ekran-Resmi-2022-07-04-11.34.00-300x167.png 300w, https:\/\/ebridges.org\/wp-content\/uploads\/2022\/07\/Ekran-Resmi-2022-07-04-11.34.00-768x429.png 768w, https:\/\/ebridges.org\/wp-content\/uploads\/2022\/07\/Ekran-Resmi-2022-07-04-11.34.00-1536x857.png 1536w, https:\/\/ebridges.org\/wp-content\/uploads\/2022\/07\/Ekran-Resmi-2022-07-04-11.34.00.png 1810w\" sizes=\"(max-width: 1024px) 100vw, 1024px\" \/>\t\t\t\t\t\t\t\t\t\t\t\t\t<\/div>\n\t\t\t\t<\/div>\n\t\t\t\t\t<\/div>\n\t\t<\/div>\n\t\t\t\t\t<\/div>\n\t\t<\/section>\n\t\t\t\t<section class=\"elementor-section elementor-top-section elementor-element elementor-element-f940d67 elementor-section-boxed elementor-section-height-default elementor-section-height-default\" data-id=\"f940d67\" data-element_type=\"section\">\n\t\t\t\t\t\t<div class=\"elementor-container elementor-column-gap-default\">\n\t\t\t\t\t<div class=\"elementor-column elementor-col-100 elementor-top-column elementor-element elementor-element-301dc01\" data-id=\"301dc01\" data-element_type=\"column\">\n\t\t\t<div class=\"elementor-widget-wrap elementor-element-populated\">\n\t\t\t\t\t\t<div class=\"elementor-element elementor-element-94e4752 elementor-button-success elementor-align-center elementor-widget elementor-widget-button\" data-id=\"94e4752\" data-element_type=\"widget\" data-widget_type=\"button.default\">\n\t\t\t\t<div class=\"elementor-widget-container\">\n\t\t\t\t\t<div class=\"elementor-button-wrapper\">\n\t\t\t<a class=\"elementor-button elementor-button-link elementor-size-sm\" href=\"https:\/\/ebridges.org\/wp-content\/uploads\/2022\/07\/Fellowship-TR.pdf\">\n\t\t\t\t\t\t<span class=\"elementor-button-content-wrapper\">\n\t\t\t\t\t\t\t\t\t<span class=\"elementor-button-text\">\u0130ndir<\/span>\n\t\t\t\t\t<\/span>\n\t\t\t\t\t<\/a>\n\t\t<\/div>\n\t\t\t\t<\/div>\n\t\t\t\t<\/div>\n\t\t\t\t\t<\/div>\n\t\t<\/div>\n\t\t\t\t\t<\/div>\n\t\t<\/section>\n\t\t\t\t<\/div>\n\t\t","protected":false},"excerpt":{"rendered":"<p>Bu k\u0131lavuz Avrupa Birli\u011fi\u2019nin Finansal deste\u011fi ile haz\u0131rlanm\u0131\u015ft\u0131r. Bu i\u00e7erik yaln\u0131zca POVOD ve FEIO sorumlulu\u011fundad\u0131r ve Avrupa Birli\u011fi\u2019nin g\u00f6ru\u0308\u015flerini yans\u0131tmaz. IPA PROGRAMI NED\u0130R? Su\u0308rdu\u0308ru\u0308lebilir Kalk\u0131nma i\u00e7in Politika Uyumu Hakk\u0131nda Su\u0308rdu\u0308ru\u0308lebilir [&hellip;]<\/p>\n","protected":false},"author":1,"featured_media":0,"parent":0,"menu_order":0,"comment_status":"closed","ping_status":"closed","template":"","meta":{"_monsterinsights_skip_tracking":false,"_monsterinsights_sitenote_active":false,"_monsterinsights_sitenote_note":"","_monsterinsights_sitenote_category":0,"site-sidebar-layout":"no-sidebar","site-content-layout":"page-builder","ast-site-content-layout":"","site-content-style":"default","site-sidebar-style":"default","ast-global-header-display":"","ast-banner-title-visibility":"","ast-main-header-display":"","ast-hfb-above-header-display":"","ast-hfb-below-header-display":"","ast-hfb-mobile-header-display":"","site-post-title":"disabled","ast-breadcrumbs-content":"","ast-featured-img":"disabled","footer-sml-layout":"","theme-transparent-header-meta":"","adv-header-id-meta":"","stick-header-meta":"","header-above-stick-meta":"","header-main-stick-meta":"","header-below-stick-meta":"","astra-migrate-meta-layouts":"default","ast-page-background-enabled":"default","ast-page-background-meta":{"desktop":{"background-color":"","background-image":"","background-repeat":"repeat","background-position":"center center","background-size":"auto","background-attachment":"scroll","background-type":"","background-media":"","overlay-type":"","overlay-color":"","overlay-gradient":""},"tablet":{"background-color":"","background-image":"","background-repeat":"repeat","background-position":"center center","background-size":"auto","background-attachment":"scroll","background-type":"","background-media":"","overlay-type":"","overlay-color":"","overlay-gradient":""},"mobile":{"background-color":"","background-image":"","background-repeat":"repeat","background-position":"center center","background-size":"auto","background-attachment":"scroll","background-type":"","background-media":"","overlay-type":"","overlay-color":"","overlay-gradient":""}},"ast-content-background-meta":{"desktop":{"background-color":"var(--ast-global-color-5)","background-image":"","background-repeat":"repeat","background-position":"center center","background-size":"auto","background-attachment":"scroll","background-type":"","background-media":"","overlay-type":"","overlay-color":"","overlay-gradient":""},"tablet":{"background-color":"var(--ast-global-color-5)","background-image":"","background-repeat":"repeat","background-position":"center center","background-size":"auto","background-attachment":"scroll","background-type":"","background-media":"","overlay-type":"","overlay-color":"","overlay-gradient":""},"mobile":{"background-color":"var(--ast-global-color-5)","background-image":"","background-repeat":"repeat","background-position":"center center","background-size":"auto","background-attachment":"scroll","background-type":"","background-media":"","overlay-type":"","overlay-color":"","overlay-gradient":""}},"_EventAllDay":false,"_EventTimezone":"","_EventStartDate":"","_EventEndDate":"","_EventStartDateUTC":"","_EventEndDateUTC":"","_EventShowMap":false,"_EventShowMapLink":false,"_EventURL":"","_EventCost":"","_EventCostDescription":"","_EventCurrencySymbol":"","_EventCurrencyCode":"","_EventCurrencyPosition":"","_EventDateTimeSeparator":"","_EventTimeRangeSeparator":"","_EventOrganizerID":[],"_EventVenueID":[],"_OrganizerEmail":"","_OrganizerPhone":"","_OrganizerWebsite":"","_VenueAddress":"","_VenueCity":"","_VenueCountry":"","_VenueProvince":"","_VenueState":"","_VenueZip":"","_VenuePhone":"","_VenueURL":"","_VenueStateProvince":"","_VenueLat":"","_VenueLng":"","_VenueShowMap":false,"_VenueShowMapLink":false,"footnotes":""},"class_list":["post-4648","page","type-page","status-publish","hentry"],"_links":{"self":[{"href":"https:\/\/ebridges.org\/tr\/wp-json\/wp\/v2\/pages\/4648","targetHints":{"allow":["GET"]}}],"collection":[{"href":"https:\/\/ebridges.org\/tr\/wp-json\/wp\/v2\/pages"}],"about":[{"href":"https:\/\/ebridges.org\/tr\/wp-json\/wp\/v2\/types\/page"}],"author":[{"embeddable":true,"href":"https:\/\/ebridges.org\/tr\/wp-json\/wp\/v2\/users\/1"}],"replies":[{"embeddable":true,"href":"https:\/\/ebridges.org\/tr\/wp-json\/wp\/v2\/comments?post=4648"}],"version-history":[{"count":7,"href":"https:\/\/ebridges.org\/tr\/wp-json\/wp\/v2\/pages\/4648\/revisions"}],"predecessor-version":[{"id":4719,"href":"https:\/\/ebridges.org\/tr\/wp-json\/wp\/v2\/pages\/4648\/revisions\/4719"}],"wp:attachment":[{"href":"https:\/\/ebridges.org\/tr\/wp-json\/wp\/v2\/media?parent=4648"}],"curies":[{"name":"wp","href":"https:\/\/api.w.org\/{rel}","templated":true}]}}