{"id":4652,"date":"2022-06-28T10:41:49","date_gmt":"2022-06-28T10:41:49","guid":{"rendered":"https:\/\/ebridges.org\/?page_id=4652"},"modified":"2022-07-01T12:01:52","modified_gmt":"2022-07-01T12:01:52","slug":"ab-turkiye-ortak-firsatlar%ef%bf%bc","status":"publish","type":"page","link":"https:\/\/ebridges.org\/tr\/ab-turkiye-ortak-firsatlar%ef%bf%bc\/","title":{"rendered":"AB-T\u00fcrkiye Ortak F\u0131rsatlar\ufffc"},"content":{"rendered":"\t\t<div data-elementor-type=\"wp-page\" data-elementor-id=\"4652\" class=\"elementor elementor-4652\">\n\t\t\t\t\t\t<section class=\"elementor-section elementor-top-section elementor-element elementor-element-5229c0e elementor-section-boxed elementor-section-height-default elementor-section-height-default\" data-id=\"5229c0e\" data-element_type=\"section\">\n\t\t\t\t\t\t<div class=\"elementor-container elementor-column-gap-default\">\n\t\t\t\t\t<div class=\"elementor-column elementor-col-50 elementor-top-column elementor-element elementor-element-2b23ed1\" data-id=\"2b23ed1\" data-element_type=\"column\">\n\t\t\t<div class=\"elementor-widget-wrap elementor-element-populated\">\n\t\t\t\t\t\t<div class=\"elementor-element elementor-element-39bb6f5 elementor-widget elementor-widget-text-editor\" data-id=\"39bb6f5\" data-element_type=\"widget\" data-widget_type=\"text-editor.default\">\n\t\t\t\t<div class=\"elementor-widget-container\">\n\t\t\t\t\t\t\t<p class=\"p1\"><i>Bu Rehber, Avrupa Birli\u011fi ile Tu\u0308rkiye aras\u0131ndaki kar\u015f\u0131l\u0131kl\u0131 f\u0131rsatlar \u00e7er\u00e7evesinde Avrupa Birli\u011fi <\/i><i>Programlar\u0131n\u0131n i\u00e7eri\u011fi hakk\u0131nda detayl\u0131 bilgi almak isteyenler i\u00e7in bir ara\u00e7t\u0131r. Bu Rehber <\/i><i>u\u0308niversite \u00f6\u011frencileri, kursiyerler, \u00e7\u0131raklar, gen\u00e7ler, g.nu\u0308llu\u0308ler, e\u011fitmenler ve gen\u00e7lik \u00e7al\u0131\u015fanlar\u0131 <\/i><i>i\u00e7in haz\u0131rlanm\u0131\u015ft\u0131r. <\/i><\/p><p class=\"p1\"><i>Avrupa F\u0131rsatlar\u0131 programlar\u0131ndan yararlanmak isteyen bireyler i\u00e7in programlarla ilgili tu\u0308m <\/i><i>kural ve ko\u015fullar bu k\u0131lavuzda belirtilmi\u015ftir. Bu kar\u015f\u0131l\u0131kl\u0131 f\u0131rsatlar k\u0131lavuzunda belirtilen tu\u0308m <\/i><i>Avrupa F\u0131rsatlar\u0131 Tu\u0308m kural ve ko\u015fullar, Avrupa Komisyonu taraf\u0131ndan her y\u0131l haz\u0131rlanan Program <\/i><i>K\u0131lavuzunda a\u00e7\u0131klanmaktad\u0131r.<\/i><\/p><p class=\"p1\"><i>AB-TR Kar\u015f\u0131l\u0131kl\u0131 F\u0131rsatlar Rehberi, gen\u00e7lik merkezlerinde ve sivil toplum kurulu\u015flar\u0131nda <\/i><i>\u00e7al\u0131\u015fan gen\u00e7leri ve g.nu\u0308llu\u0308leri f\u0131rsatlar hakk\u0131nda bilgilendirmeyi ama\u00e7layan \u201cSu\u0308rdu\u0308ru\u0308lebilir <\/i><i>Kalk\u0131nma i\u00e7in Politika Uyumu\u201d projemiz kapsam\u0131nda haz\u0131rlanm\u0131\u015ft\u0131r. Bu Proje ile AB ve Tu\u0308rkiye\u2019deki <\/i><i>STK\u2019lar\u0131n kar\u015f\u0131l\u0131kl\u0131 i\u015fbirli\u011fine katk\u0131da bulunulmas\u0131 ve gen\u00e7lerin AB-TR Kar\u015f\u0131l\u0131kl\u0131 F\u0131rsatlar\u0131 <\/i><i>hakk\u0131nda bilgilerinin art\u0131r\u0131lmas\u0131 ama\u00e7lanmaktad\u0131r.<\/i><\/p><p class=\"p1\"><i>Rehber, b.lu\u0308mlerin i\u00e7eri\u011fine g\u00f6re alt\u0131 renge ayr\u0131lm\u0131\u015ft\u0131r. Her renk, konular\u0131 kolayca anlamak <\/i><i>i\u00e7in bir b.lu\u0308mu\u0308 temsil eder. Platformlara ve web sitelerine kolay eri\u015fim i\u00e7in dokunma butonlar\u0131 <\/i><i>olu\u015fturduk. Okurken linklerden t\u0131klayarak ya da dokunarak kolayca bilgi alabilirsiniz.<\/i><\/p><p class=\"p1\"><i>AB Kar\u015f\u0131l\u0131kl\u0131 F\u0131rsatlar Rehberimizin; Gen\u00e7lerimize, g.nu\u0308llu\u0308lerimize, \u00f6\u011frencilerimize ve onlara <\/i><i>dan\u0131\u015fmanl\u0131k yapacak gen\u00e7lik \u00e7al\u0131\u015fanlar\u0131m\u0131za yard\u0131mc\u0131 ve yol g\u00f6sterici olmas\u0131n\u0131 diler, keyifli <\/i><i>okumalar dileriz&#8230;<\/i><\/p>\t\t\t\t\t\t<\/div>\n\t\t\t\t<\/div>\n\t\t\t\t\t<\/div>\n\t\t<\/div>\n\t\t\t\t<div class=\"elementor-column elementor-col-50 elementor-top-column elementor-element elementor-element-122da0d\" data-id=\"122da0d\" data-element_type=\"column\">\n\t\t\t<div class=\"elementor-widget-wrap elementor-element-populated\">\n\t\t\t\t\t\t<div class=\"elementor-element elementor-element-3a3043c elementor-widget elementor-widget-image\" data-id=\"3a3043c\" data-element_type=\"widget\" data-widget_type=\"image.default\">\n\t\t\t\t<div class=\"elementor-widget-container\">\n\t\t\t\t\t\t\t\t\t\t\t\t\t<img fetchpriority=\"high\" decoding=\"async\" width=\"796\" height=\"1024\" src=\"https:\/\/ebridges.org\/wp-content\/uploads\/2022\/07\/Ekran-Resmi-2022-07-01-14.59.04-796x1024.png\" class=\"attachment-large size-large wp-image-4670\" alt=\"\" srcset=\"https:\/\/ebridges.org\/wp-content\/uploads\/2022\/07\/Ekran-Resmi-2022-07-01-14.59.04-796x1024.png 796w, https:\/\/ebridges.org\/wp-content\/uploads\/2022\/07\/Ekran-Resmi-2022-07-01-14.59.04-233x300.png 233w, https:\/\/ebridges.org\/wp-content\/uploads\/2022\/07\/Ekran-Resmi-2022-07-01-14.59.04-768x987.png 768w, https:\/\/ebridges.org\/wp-content\/uploads\/2022\/07\/Ekran-Resmi-2022-07-01-14.59.04.png 994w\" sizes=\"(max-width: 796px) 100vw, 796px\" \/>\t\t\t\t\t\t\t\t\t\t\t\t\t<\/div>\n\t\t\t\t<\/div>\n\t\t\t\t\t<\/div>\n\t\t<\/div>\n\t\t\t\t\t<\/div>\n\t\t<\/section>\n\t\t\t\t<section class=\"elementor-section elementor-top-section elementor-element elementor-element-d0d6fa2 elementor-section-boxed elementor-section-height-default elementor-section-height-default\" data-id=\"d0d6fa2\" data-element_type=\"section\">\n\t\t\t\t\t\t<div class=\"elementor-container elementor-column-gap-default\">\n\t\t\t\t\t<div class=\"elementor-column elementor-col-100 elementor-top-column elementor-element elementor-element-1b71b3e\" data-id=\"1b71b3e\" data-element_type=\"column\">\n\t\t\t<div class=\"elementor-widget-wrap elementor-element-populated\">\n\t\t\t\t\t\t<div class=\"elementor-element elementor-element-3dac65b elementor-button-success elementor-align-center elementor-widget elementor-widget-button\" data-id=\"3dac65b\" data-element_type=\"widget\" data-widget_type=\"button.default\">\n\t\t\t\t<div class=\"elementor-widget-container\">\n\t\t\t\t\t<div class=\"elementor-button-wrapper\">\n\t\t\t<a class=\"elementor-button elementor-button-link elementor-size-lg\" href=\"https:\/\/ebridges.org\/wp-content\/uploads\/2022\/07\/EU-TR-Mutual-Opportunities-Guide_TRY.pdf\">\n\t\t\t\t\t\t<span class=\"elementor-button-content-wrapper\">\n\t\t\t\t\t\t\t\t\t<span class=\"elementor-button-text\">\u0130ndir<\/span>\n\t\t\t\t\t<\/span>\n\t\t\t\t\t<\/a>\n\t\t<\/div>\n\t\t\t\t<\/div>\n\t\t\t\t<\/div>\n\t\t\t\t\t<\/div>\n\t\t<\/div>\n\t\t\t\t\t<\/div>\n\t\t<\/section>\n\t\t\t\t<\/div>\n\t\t","protected":false},"excerpt":{"rendered":"<p>Bu Rehber, Avrupa Birli\u011fi ile Tu\u0308rkiye aras\u0131ndaki kar\u015f\u0131l\u0131kl\u0131 f\u0131rsatlar \u00e7er\u00e7evesinde Avrupa Birli\u011fi Programlar\u0131n\u0131n i\u00e7eri\u011fi hakk\u0131nda detayl\u0131 bilgi almak isteyenler i\u00e7in bir ara\u00e7t\u0131r. Bu Rehber u\u0308niversite \u00f6\u011frencileri, kursiyerler, \u00e7\u0131raklar, gen\u00e7ler, g.nu\u0308llu\u0308ler, [&hellip;]<\/p>\n","protected":false},"author":1,"featured_media":0,"parent":0,"menu_order":0,"comment_status":"closed","ping_status":"closed","template":"","meta":{"_monsterinsights_skip_tracking":false,"_monsterinsights_sitenote_active":false,"_monsterinsights_sitenote_note":"","_monsterinsights_sitenote_category":0,"site-sidebar-layout":"no-sidebar","site-content-layout":"page-builder","ast-site-content-layout":"","site-content-style":"default","site-sidebar-style":"default","ast-global-header-display":"","ast-banner-title-visibility":"","ast-main-header-display":"","ast-hfb-above-header-display":"","ast-hfb-below-header-display":"","ast-hfb-mobile-header-display":"","site-post-title":"disabled","ast-breadcrumbs-content":"","ast-featured-img":"disabled","footer-sml-layout":"","theme-transparent-header-meta":"","adv-header-id-meta":"","stick-header-meta":"","header-above-stick-meta":"","header-main-stick-meta":"","header-below-stick-meta":"","astra-migrate-meta-layouts":"default","ast-page-background-enabled":"default","ast-page-background-meta":{"desktop":{"background-color":"","background-image":"","background-repeat":"repeat","background-position":"center center","background-size":"auto","background-attachment":"scroll","background-type":"","background-media":"","overlay-type":"","overlay-color":"","overlay-gradient":""},"tablet":{"background-color":"","background-image":"","background-repeat":"repeat","background-position":"center center","background-size":"auto","background-attachment":"scroll","background-type":"","background-media":"","overlay-type":"","overlay-color":"","overlay-gradient":""},"mobile":{"background-color":"","background-image":"","background-repeat":"repeat","background-position":"center center","background-size":"auto","background-attachment":"scroll","background-type":"","background-media":"","overlay-type":"","overlay-color":"","overlay-gradient":""}},"ast-content-background-meta":{"desktop":{"background-color":"var(--ast-global-color-5)","background-image":"","background-repeat":"repeat","background-position":"center center","background-size":"auto","background-attachment":"scroll","background-type":"","background-media":"","overlay-type":"","overlay-color":"","overlay-gradient":""},"tablet":{"background-color":"var(--ast-global-color-5)","background-image":"","background-repeat":"repeat","background-position":"center center","background-size":"auto","background-attachment":"scroll","background-type":"","background-media":"","overlay-type":"","overlay-color":"","overlay-gradient":""},"mobile":{"background-color":"var(--ast-global-color-5)","background-image":"","background-repeat":"repeat","background-position":"center center","background-size":"auto","background-attachment":"scroll","background-type":"","background-media":"","overlay-type":"","overlay-color":"","overlay-gradient":""}},"_EventAllDay":false,"_EventTimezone":"","_EventStartDate":"","_EventEndDate":"","_EventStartDateUTC":"","_EventEndDateUTC":"","_EventShowMap":false,"_EventShowMapLink":false,"_EventURL":"","_EventCost":"","_EventCostDescription":"","_EventCurrencySymbol":"","_EventCurrencyCode":"","_EventCurrencyPosition":"","_EventDateTimeSeparator":"","_EventTimeRangeSeparator":"","_EventOrganizerID":[],"_EventVenueID":[],"_OrganizerEmail":"","_OrganizerPhone":"","_OrganizerWebsite":"","_VenueAddress":"","_VenueCity":"","_VenueCountry":"","_VenueProvince":"","_VenueState":"","_VenueZip":"","_VenuePhone":"","_VenueURL":"","_VenueStateProvince":"","_VenueLat":"","_VenueLng":"","_VenueShowMap":false,"_VenueShowMapLink":false,"footnotes":""},"class_list":["post-4652","page","type-page","status-publish","hentry"],"_links":{"self":[{"href":"https:\/\/ebridges.org\/tr\/wp-json\/wp\/v2\/pages\/4652","targetHints":{"allow":["GET"]}}],"collection":[{"href":"https:\/\/ebridges.org\/tr\/wp-json\/wp\/v2\/pages"}],"about":[{"href":"https:\/\/ebridges.org\/tr\/wp-json\/wp\/v2\/types\/page"}],"author":[{"embeddable":true,"href":"https:\/\/ebridges.org\/tr\/wp-json\/wp\/v2\/users\/1"}],"replies":[{"embeddable":true,"href":"https:\/\/ebridges.org\/tr\/wp-json\/wp\/v2\/comments?post=4652"}],"version-history":[{"count":4,"href":"https:\/\/ebridges.org\/tr\/wp-json\/wp\/v2\/pages\/4652\/revisions"}],"predecessor-version":[{"id":4678,"href":"https:\/\/ebridges.org\/tr\/wp-json\/wp\/v2\/pages\/4652\/revisions\/4678"}],"wp:attachment":[{"href":"https:\/\/ebridges.org\/tr\/wp-json\/wp\/v2\/media?parent=4652"}],"curies":[{"name":"wp","href":"https:\/\/api.w.org\/{rel}","templated":true}]}}