{"id":4656,"date":"2022-06-28T10:48:57","date_gmt":"2022-06-28T10:48:57","guid":{"rendered":"https:\/\/ebridges.org\/?page_id=4656"},"modified":"2022-07-01T11:52:18","modified_gmt":"2022-07-01T11:52:18","slug":"iyi-yonetisim-rehberi%ef%bf%bc","status":"publish","type":"page","link":"https:\/\/ebridges.org\/tr\/iyi-yonetisim-rehberi%ef%bf%bc\/","title":{"rendered":"\u0130yi Y\u00f6neti\u015fim Rehberi\ufffc"},"content":{"rendered":"\t\t<div data-elementor-type=\"wp-page\" data-elementor-id=\"4656\" class=\"elementor elementor-4656\">\n\t\t\t\t\t\t<section class=\"elementor-section elementor-top-section elementor-element elementor-element-ac59664 elementor-section-boxed elementor-section-height-default elementor-section-height-default\" data-id=\"ac59664\" data-element_type=\"section\">\n\t\t\t\t\t\t<div class=\"elementor-container elementor-column-gap-default\">\n\t\t\t\t\t<div class=\"elementor-column elementor-col-50 elementor-top-column elementor-element elementor-element-615445a\" data-id=\"615445a\" data-element_type=\"column\">\n\t\t\t<div class=\"elementor-widget-wrap elementor-element-populated\">\n\t\t\t\t\t\t<div class=\"elementor-element elementor-element-26cda8b elementor-widget elementor-widget-text-editor\" data-id=\"26cda8b\" data-element_type=\"widget\" data-widget_type=\"text-editor.default\">\n\t\t\t\t<div class=\"elementor-widget-container\">\n\t\t\t\t\t\t\t<p class=\"p1\"><strong><i>S\u0130V\u0130L TOPLUM <\/i><i>KURULU\u015eLARI \u0130\u00c7\u0130N <\/i><i>Y\u00d6NET\u0130\u015e\u0130M REHBER\u0130<\/i><\/strong><\/p>\t\t\t\t\t\t<\/div>\n\t\t\t\t<\/div>\n\t\t\t\t<div class=\"elementor-element elementor-element-692610f elementor-widget elementor-widget-text-editor\" data-id=\"692610f\" data-element_type=\"widget\" data-widget_type=\"text-editor.default\">\n\t\t\t\t<div class=\"elementor-widget-container\">\n\t\t\t\t\t\t\t<p class=\"p1\"><i>Avrupa Birli\u011fi taraf\u0131ndan finanse edilen, AB-Tu\u0308rkiye aras\u0131 Sivil Toplum Destekleme <\/i><i>Program\u0131 (STDP-III) kapsam\u0131nda desteklenen \u201cTR2016\/DG\/03\/A3-01\/637\u201d referans <\/i><i>numaral\u0131 \u201cSu\u0308rdu\u0308ru\u0308lebilir Kalk\u0131nma \u0130\u00e7in Uyum Politikalar\u0131\u201d projesi, Polonya\u2019dan <\/i><i>Fundacja Europejski Instytut Outsourcingu (FEIO) koordinat\u00f6rlu\u0308\u011fu\u0308nde ve <\/i><i>Tu\u0308rkiye\u2019den Engeli Olan Bireyler ve Aileleri Geli\u015fim Merkezi Derne\u011fi (EBAGEM), <\/i><i>\u0130stanbul Ku\u0308ltu\u0308r ve Spor Derne\u011fi (\u0130KOS), Gaziantep E\u011fitim ve Gen\u00e7lik Derne\u011fi <\/i><i>(GEGED) ve Slovenya\u2019dan POVOD Institute ortakl\u0131k konsorsiyumuyla <\/i><i>1 Nisan 2021 -30 Haziran 2022 tarihleri aras\u0131nda yu\u0308ru\u0308tu\u0308lmu\u0308\u015ftu\u0308r.<\/i><\/p><p class=\"p1\"><i>Proje ile; AB ve Tu\u0308rkiye\u2019deki Sivil Toplum Kurulu\u015flar\u0131 aras\u0131nda politika uyumunun <\/i><i>sa\u011flanmas\u0131 i\u00e7in kurum kapasitelerini artt\u0131rmay\u0131 ve AB \u2013 Tu\u0308rkiye\u2019de bulunan STK\u2019lar <\/i><i>aras\u0131nda kar\u015f\u0131l\u0131kl\u0131 ve su\u0308rdu\u0308ru\u0308lebilir bir i\u015f birli\u011fi in\u015fa etmeyi ama\u00e7lanmaktad\u0131r.<\/i><\/p><p class=\"p1\"><i>Proje su\u0308resince ger\u00e7ekle\u015ftirilen faaliyetlerde Sivil Toplum Kurulu\u015flar\u0131 ve Kamu <\/i><i>Kurulu\u015flar\u0131 aras\u0131nda yap\u0131land\u0131r\u0131lm\u0131\u015f diyalog su\u0308recini sa\u011flamla\u015ft\u0131rmak i\u00e7in; Gen\u00e7lik <\/i><i>alan\u0131nda \u00e7al\u0131\u015fan STK&#8217;lar\u0131n kurumsal kapasitesini art\u0131rmaya, su\u0308rdu\u0308ru\u0308lebilir ve <\/i><i>kapsay\u0131c\u0131 bir arka plan olu\u015fturmak ve ortak Avrupa De\u011ferlerini ve Birle\u015fmi\u015f <\/i><i>Milletler Su\u0308rdu\u0308ru\u0308lebilir Kalk\u0131nma Hedeflerini uygulamak i\u00e7in AB ve Tu\u0308rkiye&#8217;deki <\/i><i>STK&#8217;lar\u0131n kar\u015f\u0131l\u0131kl\u0131 i\u015fbirli\u011fini geli\u015ftirmeye, Tu\u0308rkiye ve AB\u2019deki toplum aras\u0131nda <\/i><i>Tu\u0308rkiye\u2019nin AB\u2019ye u\u0308yelik su\u0308reci ve kar\u015f\u0131l\u0131kl\u0131 i\u015fbirli\u011finin faydalar\u0131 konusundaki pozitif <\/i><i>bak\u0131\u015f a\u00e7\u0131s\u0131n\u0131 sa\u011flamaya, gen\u00e7lik \u00e7al\u0131\u015fmalar\u0131n\u0131n verimlili\u011fini art\u0131rmak i\u00e7in gen\u00e7lik <\/i><i>STK&#8217;lar\u0131n\u0131n metodolojik kapasitelerini gu\u0308\u00e7lendirmeye ve de karar alma su\u0308re\u00e7lerini <\/i><i>gu\u0308\u00e7lendirmek i\u00e7in Gen\u00e7lik STK&#8217;lar\u0131 ve Kurul Temsilcilerinin kurumsal kapasitelerini <\/i><i>art\u0131rmaya katk\u0131 sa\u011flanm\u0131\u015ft\u0131r.<\/i><\/p><p>\u00a0<\/p>\t\t\t\t\t\t<\/div>\n\t\t\t\t<\/div>\n\t\t\t\t<div class=\"elementor-element elementor-element-ba8e0ec elementor-button-success elementor-align-center elementor-widget elementor-widget-button\" data-id=\"ba8e0ec\" data-element_type=\"widget\" data-widget_type=\"button.default\">\n\t\t\t\t<div class=\"elementor-widget-container\">\n\t\t\t\t\t<div class=\"elementor-button-wrapper\">\n\t\t\t<a class=\"elementor-button elementor-button-link elementor-size-sm\" href=\"https:\/\/ebridges.org\/wp-content\/uploads\/2022\/07\/I\u0307yi-Yo\u0308netis\u0327im-Rehberi....pdf\">\n\t\t\t\t\t\t<span class=\"elementor-button-content-wrapper\">\n\t\t\t\t\t\t\t\t\t<span class=\"elementor-button-text\">\u0130ndir<\/span>\n\t\t\t\t\t<\/span>\n\t\t\t\t\t<\/a>\n\t\t<\/div>\n\t\t\t\t<\/div>\n\t\t\t\t<\/div>\n\t\t\t\t\t<\/div>\n\t\t<\/div>\n\t\t\t\t<div class=\"elementor-column elementor-col-50 elementor-top-column elementor-element elementor-element-9b300aa\" data-id=\"9b300aa\" data-element_type=\"column\">\n\t\t\t<div class=\"elementor-widget-wrap elementor-element-populated\">\n\t\t\t\t\t\t<div class=\"elementor-element elementor-element-d59f728 elementor-widget elementor-widget-image\" data-id=\"d59f728\" data-element_type=\"widget\" data-widget_type=\"image.default\">\n\t\t\t\t<div class=\"elementor-widget-container\">\n\t\t\t\t\t\t\t\t\t\t\t\t\t<img fetchpriority=\"high\" decoding=\"async\" width=\"734\" height=\"1024\" src=\"https:\/\/ebridges.org\/wp-content\/uploads\/2022\/07\/Ekran-Resmi-2022-07-01-14.46.56-734x1024.png\" class=\"attachment-large size-large wp-image-4661\" alt=\"\" srcset=\"https:\/\/ebridges.org\/wp-content\/uploads\/2022\/07\/Ekran-Resmi-2022-07-01-14.46.56-734x1024.png 734w, https:\/\/ebridges.org\/wp-content\/uploads\/2022\/07\/Ekran-Resmi-2022-07-01-14.46.56-215x300.png 215w, https:\/\/ebridges.org\/wp-content\/uploads\/2022\/07\/Ekran-Resmi-2022-07-01-14.46.56-768x1072.png 768w, https:\/\/ebridges.org\/wp-content\/uploads\/2022\/07\/Ekran-Resmi-2022-07-01-14.46.56.png 946w\" sizes=\"(max-width: 734px) 100vw, 734px\" \/>\t\t\t\t\t\t\t\t\t\t\t\t\t<\/div>\n\t\t\t\t<\/div>\n\t\t\t\t\t<\/div>\n\t\t<\/div>\n\t\t\t\t\t<\/div>\n\t\t<\/section>\n\t\t\t\t<\/div>\n\t\t","protected":false},"excerpt":{"rendered":"<p>S\u0130V\u0130L TOPLUM KURULU\u015eLARI \u0130\u00c7\u0130N Y\u00d6NET\u0130\u015e\u0130M REHBER\u0130 Avrupa Birli\u011fi taraf\u0131ndan finanse edilen, AB-Tu\u0308rkiye aras\u0131 Sivil Toplum Destekleme Program\u0131 (STDP-III) kapsam\u0131nda desteklenen \u201cTR2016\/DG\/03\/A3-01\/637\u201d referans numaral\u0131 \u201cSu\u0308rdu\u0308ru\u0308lebilir Kalk\u0131nma \u0130\u00e7in Uyum Politikalar\u0131\u201d projesi, Polonya\u2019dan [&hellip;]<\/p>\n","protected":false},"author":1,"featured_media":0,"parent":0,"menu_order":0,"comment_status":"closed","ping_status":"closed","template":"","meta":{"_monsterinsights_skip_tracking":false,"_monsterinsights_sitenote_active":false,"_monsterinsights_sitenote_note":"","_monsterinsights_sitenote_category":0,"site-sidebar-layout":"no-sidebar","site-content-layout":"page-builder","ast-site-content-layout":"","site-content-style":"default","site-sidebar-style":"default","ast-global-header-display":"","ast-banner-title-visibility":"","ast-main-header-display":"","ast-hfb-above-header-display":"","ast-hfb-below-header-display":"","ast-hfb-mobile-header-display":"","site-post-title":"disabled","ast-breadcrumbs-content":"","ast-featured-img":"disabled","footer-sml-layout":"","theme-transparent-header-meta":"","adv-header-id-meta":"","stick-header-meta":"","header-above-stick-meta":"","header-main-stick-meta":"","header-below-stick-meta":"","astra-migrate-meta-layouts":"default","ast-page-background-enabled":"default","ast-page-background-meta":{"desktop":{"background-color":"","background-image":"","background-repeat":"repeat","background-position":"center center","background-size":"auto","background-attachment":"scroll","background-type":"","background-media":"","overlay-type":"","overlay-color":"","overlay-gradient":""},"tablet":{"background-color":"","background-image":"","background-repeat":"repeat","background-position":"center center","background-size":"auto","background-attachment":"scroll","background-type":"","background-media":"","overlay-type":"","overlay-color":"","overlay-gradient":""},"mobile":{"background-color":"","background-image":"","background-repeat":"repeat","background-position":"center center","background-size":"auto","background-attachment":"scroll","background-type":"","background-media":"","overlay-type":"","overlay-color":"","overlay-gradient":""}},"ast-content-background-meta":{"desktop":{"background-color":"var(--ast-global-color-5)","background-image":"","background-repeat":"repeat","background-position":"center center","background-size":"auto","background-attachment":"scroll","background-type":"","background-media":"","overlay-type":"","overlay-color":"","overlay-gradient":""},"tablet":{"background-color":"var(--ast-global-color-5)","background-image":"","background-repeat":"repeat","background-position":"center center","background-size":"auto","background-attachment":"scroll","background-type":"","background-media":"","overlay-type":"","overlay-color":"","overlay-gradient":""},"mobile":{"background-color":"var(--ast-global-color-5)","background-image":"","background-repeat":"repeat","background-position":"center center","background-size":"auto","background-attachment":"scroll","background-type":"","background-media":"","overlay-type":"","overlay-color":"","overlay-gradient":""}},"_EventAllDay":false,"_EventTimezone":"","_EventStartDate":"","_EventEndDate":"","_EventStartDateUTC":"","_EventEndDateUTC":"","_EventShowMap":false,"_EventShowMapLink":false,"_EventURL":"","_EventCost":"","_EventCostDescription":"","_EventCurrencySymbol":"","_EventCurrencyCode":"","_EventCurrencyPosition":"","_EventDateTimeSeparator":"","_EventTimeRangeSeparator":"","_EventOrganizerID":[],"_EventVenueID":[],"_OrganizerEmail":"","_OrganizerPhone":"","_OrganizerWebsite":"","_VenueAddress":"","_VenueCity":"","_VenueCountry":"","_VenueProvince":"","_VenueState":"","_VenueZip":"","_VenuePhone":"","_VenueURL":"","_VenueStateProvince":"","_VenueLat":"","_VenueLng":"","_VenueShowMap":false,"_VenueShowMapLink":false,"footnotes":""},"class_list":["post-4656","page","type-page","status-publish","hentry"],"_links":{"self":[{"href":"https:\/\/ebridges.org\/tr\/wp-json\/wp\/v2\/pages\/4656","targetHints":{"allow":["GET"]}}],"collection":[{"href":"https:\/\/ebridges.org\/tr\/wp-json\/wp\/v2\/pages"}],"about":[{"href":"https:\/\/ebridges.org\/tr\/wp-json\/wp\/v2\/types\/page"}],"author":[{"embeddable":true,"href":"https:\/\/ebridges.org\/tr\/wp-json\/wp\/v2\/users\/1"}],"replies":[{"embeddable":true,"href":"https:\/\/ebridges.org\/tr\/wp-json\/wp\/v2\/comments?post=4656"}],"version-history":[{"count":7,"href":"https:\/\/ebridges.org\/tr\/wp-json\/wp\/v2\/pages\/4656\/revisions"}],"predecessor-version":[{"id":4669,"href":"https:\/\/ebridges.org\/tr\/wp-json\/wp\/v2\/pages\/4656\/revisions\/4669"}],"wp:attachment":[{"href":"https:\/\/ebridges.org\/tr\/wp-json\/wp\/v2\/media?parent=4656"}],"curies":[{"name":"wp","href":"https:\/\/api.w.org\/{rel}","templated":true}]}}